{"id":1181,"date":"2016-05-30T12:26:51","date_gmt":"2016-05-30T12:26:51","guid":{"rendered":"https:\/\/chateaudesbormettes.com\/?post_type=product&#038;p=1181"},"modified":"2026-03-06T15:09:17","modified_gmt":"2026-03-06T15:09:17","slug":"le-ptit-martien","status":"publish","type":"product","link":"https:\/\/chateaudesbormettes.com\/en\/product\/le-ptit-martien\/","title":{"rendered":"Le P\u2019tit Martien &#8211; Vin Blanc de Provence &#8211; Ch\u00e2teau des Bormettes"},"content":{"rendered":"<p data-start=\"311\" data-end=\"661\"><strong data-start=\"311\" data-end=\"336\">Le P\u2019tit Martien 2024<\/strong>\u00a0est un <strong data-start=\"344\" data-end=\"387\">vin blanc de Provence frais et gourmand<\/strong>, \u00e9labor\u00e9 par le <strong data-start=\"404\" data-end=\"429\">Ch\u00e2teau des Bormettes<\/strong> - <strong data-start=\"432\" data-end=\"455\">La Londe-les-Maures<\/strong>. Issu de <strong data-start=\"465\" data-end=\"497\">jeunes vignes en bord de mer<\/strong>, ce vin atypique et p\u00e9tillant r\u00e9v\u00e8le une <strong data-start=\"539\" data-end=\"576\">mati\u00e8re ample, fruit\u00e9e et salin\u00e9e<\/strong>, parfaite pour les amateurs de vins blancs m\u00e9diterran\u00e9ens originaux et vivifiants.<\/p>\n<p data-start=\"663\" data-end=\"799\">Son style audacieux et aromatique en fait un vin id\u00e9al pour les <strong data-start=\"727\" data-end=\"798\">ap\u00e9ritifs, d\u00e9jeuners entre amis ou d\u00eeners en famille et en amoureux<\/strong>.<\/p>\n<h2 data-start=\"663\" data-end=\"799\">Un vin blanc de Provence fruit\u00e9 et salin<\/h2>\n<p data-start=\"856\" data-end=\"1157\">\u00c9labor\u00e9 \u00e0 100 % \u00e0 partir du <strong data-start=\"884\" data-end=\"908\">c\u00e9page Petit Manseng<\/strong>, <strong data-start=\"910\" data-end=\"935\">Le P\u2019tit Martien 2024<\/strong>\u00a0se distingue par son <strong data-start=\"957\" data-end=\"1017\">profil aromatique unique : fruit\u00e9, frais, salin et ample<\/strong>.<br data-start=\"1018\" data-end=\"1021\" \/>Travaill\u00e9 en cuve ovo\u00efde, il offre une mati\u00e8re <strong data-start=\"1068\" data-end=\"1095\">savoureuse et gourmande<\/strong>, surprenante pour un vin issu de ce terroir de bord de mer.<\/p>\n<p data-start=\"1159\" data-end=\"1284\">Ce vin se d\u00e9guste jeune, sur une <strong data-start=\"1192\" data-end=\"1210\">dur\u00e9e de 4 ans<\/strong>, pour profiter pleinement de sa fra\u00eecheur et de son \u00e9quilibre aromatique.<\/p>\n<h2 data-start=\"1159\" data-end=\"1284\">Fiche technique du vin Le P\u2019tit Martien<\/h2>\n<h3>Characteristics<\/h3>\n<ul>\n<li data-start=\"1367\" data-end=\"1391\">\n<p data-start=\"1369\" data-end=\"1391\"><strong data-start=\"1369\" data-end=\"1382\">Mill\u00e9sime<\/strong> : 2024<\/p>\n<\/li>\n<li data-start=\"1392\" data-end=\"1423\">\n<p data-start=\"1394\" data-end=\"1423\"><strong data-start=\"1394\" data-end=\"1414\">Degr\u00e9 alcoolique<\/strong> : 15,5 %<\/p>\n<\/li>\n<li data-start=\"1424\" data-end=\"1460\">\n<p data-start=\"1426\" data-end=\"1460\"><strong data-start=\"1426\" data-end=\"1436\">C\u00e9page<\/strong> : Petit Manseng 100 %<\/p>\n<\/li>\n<li data-start=\"1461\" data-end=\"1518\">\n<p data-start=\"1463\" data-end=\"1518\"><strong data-start=\"1463\" data-end=\"1484\">Profil aromatique<\/strong> : fruit\u00e9, frais, salin et ample<\/p>\n<\/li>\n<li data-start=\"1519\" data-end=\"1553\">\n<p data-start=\"1521\" data-end=\"1553\"><strong data-start=\"1521\" data-end=\"1543\">Potentiel de garde<\/strong> : 4 ans<\/p>\n<\/li>\n<li data-start=\"1554\" data-end=\"1591\">\n<p data-start=\"1556\" data-end=\"1591\"><strong data-start=\"1556\" data-end=\"1582\">Temp\u00e9rature de service<\/strong> : 8 \u00b0C<\/p>\n<\/li>\n<\/ul>\n<h3>Suggestions de d\u00e9gustation et accords mets<\/h3>\n<p data-start=\"1742\" data-end=\"1825\">Servi bien frais, ce <strong data-start=\"1763\" data-end=\"1797\">vin blanc gourmand de Provence<\/strong> accompagne parfaitement :<\/p>\n<ul data-start=\"1827\" data-end=\"1960\">\n<li data-start=\"1827\" data-end=\"1869\">\n<p data-start=\"1829\" data-end=\"1869\"><strong data-start=\"1829\" data-end=\"1839\">Sushis<\/strong> et cuisine japonaise l\u00e9g\u00e8re<\/p>\n<\/li>\n<li data-start=\"1870\" data-end=\"1917\">\n<p data-start=\"1872\" data-end=\"1917\"><strong data-start=\"1872\" data-end=\"1915\">Magret de canard \u00e0 la sauce aigre-douce<\/strong><\/p>\n<\/li>\n<li data-start=\"1918\" data-end=\"1960\">\n<p data-start=\"1920\" data-end=\"1960\"><strong data-start=\"1920\" data-end=\"1958\">Fromage de ch\u00e8vre frais aux herbes<\/strong><\/p>\n<\/li>\n<\/ul>\n<p data-start=\"1962\" data-end=\"2120\">Il se marie \u00e9galement avec les poissons grill\u00e9s, salades estivales ou plats m\u00e9diterran\u00e9ens l\u00e9gers, sublimant chaque bouch\u00e9e par sa fra\u00eecheur et sa min\u00e9ralit\u00e9.<\/p>\n<h2 data-start=\"1962\" data-end=\"2120\">T\u00e9l\u00e9charger la fiche produit du P&rsquo;tit Martien<\/h2>\n<p><a title=\"Ch\u00e2teau des Bormettes_FT_Le P'tit Martien 2024_FR\" href=\"https:\/\/acrobat.adobe.com\/id\/urn:aaid:sc:EU:b437a2c4-b4c5-4c4c-969f-6d085ecf4e54\" target=\"_blank\" rel=\"noopener\">T\u00e9l\u00e9charger la fiche produit P&rsquo;tit Martien<\/a><\/p>","protected":false},"excerpt":{"rendered":"<p>These young vines located by the sea gave birth to a slightly crazy white wine, worked in ovoid vats, offering a tasty and delicious substance, unexpected on this seaside terroir in Provence. A wine intended for the most curious!<\/p>","protected":false},"featured_media":4665,"template":"","meta":[],"product_brand":[],"product_cat":[73,74],"product_tag":[],"class_list":{"0":"post-1181","1":"product","2":"type-product","3":"status-publish","4":"has-post-thumbnail","6":"product_cat-blanc","7":"product_cat-gamme-inedite","9":"first","10":"instock","11":"featured","12":"taxable","13":"shipping-taxable","14":"purchasable","15":"product-type-simple"},"_links":{"self":[{"href":"https:\/\/chateaudesbormettes.com\/en\/wp-json\/wp\/v2\/product\/1181","targetHints":{"allow":["GET"]}}],"collection":[{"href":"https:\/\/chateaudesbormettes.com\/en\/wp-json\/wp\/v2\/product"}],"about":[{"href":"https:\/\/chateaudesbormettes.com\/en\/wp-json\/wp\/v2\/types\/product"}],"wp:featuredmedia":[{"embeddable":true,"href":"https:\/\/chateaudesbormettes.com\/en\/wp-json\/wp\/v2\/media\/4665"}],"wp:attachment":[{"href":"https:\/\/chateaudesbormettes.com\/en\/wp-json\/wp\/v2\/media?parent=1181"}],"wp:term":[{"taxonomy":"product_brand","embeddable":true,"href":"https:\/\/chateaudesbormettes.com\/en\/wp-json\/wp\/v2\/product_brand?post=1181"},{"taxonomy":"product_cat","embeddable":true,"href":"https:\/\/chateaudesbormettes.com\/en\/wp-json\/wp\/v2\/product_cat?post=1181"},{"taxonomy":"product_tag","embeddable":true,"href":"https:\/\/chateaudesbormettes.com\/en\/wp-json\/wp\/v2\/product_tag?post=1181"}],"curies":[{"name":"wp","href":"https:\/\/api.w.org\/{rel}","templated":true}]}}