{"id":3327,"date":"2023-11-15T19:32:15","date_gmt":"2023-11-15T19:32:15","guid":{"rendered":"https:\/\/chateaudesbormettes.com\/?post_type=product&#038;p=3327"},"modified":"2026-01-05T11:02:13","modified_gmt":"2026-01-05T11:02:13","slug":"cote-mer-rose","status":"publish","type":"product","link":"https:\/\/chateaudesbormettes.com\/en\/product\/cote-mer-rose\/","title":{"rendered":"Bormettes ros\u00e9 &#8211; Vin Ros\u00e9 de Provence &#8211; Ch\u00e2teau des Bormettes"},"content":{"rendered":"<p data-start=\"299\" data-end=\"629\"><strong data-start=\"299\" data-end=\"322\">Bormettes ros\u00e9 2024<\/strong> est un <strong data-start=\"330\" data-end=\"369\">vin ros\u00e9 de Provence frais et l\u00e9ger<\/strong>, \u00e9labor\u00e9 par le <strong data-start=\"386\" data-end=\"411\">Ch\u00e2teau des Bormettes<\/strong> - <strong data-start=\"414\" data-end=\"437\">La Londe-les-Maures<\/strong>. Avec sa <strong data-start=\"447\" data-end=\"523\">belle intensit\u00e9 aromatique, son fruit\u00e9 croquant et sa fra\u00eecheur min\u00e9rale<\/strong>, ce vin ros\u00e9 m\u00e9diterran\u00e9en est id\u00e9al pour les <strong data-start=\"570\" data-end=\"626\">ap\u00e9ritifs, BBQ, pique-niques ou d\u00e9jeuners entre amis<\/strong>.<\/p>\n<p data-start=\"631\" data-end=\"798\">Son style <strong data-start=\"641\" data-end=\"662\">l\u00e9ger et agr\u00e9able<\/strong> en fait un ros\u00e9 parfait pour toutes les occasions conviviales, mettant en avant le <strong data-start=\"746\" data-end=\"797\">terroir proven\u00e7al et le savoir-faire du domaine<\/strong>.<\/p>\n<h2 data-start=\"631\" data-end=\"798\">Un vin ros\u00e9 de Provence l\u00e9ger et fruit\u00e9<\/h2>\n<p data-start=\"854\" data-end=\"1042\">Issu d\u2019un assemblage typique proven\u00e7al : <strong data-start=\"895\" data-end=\"947\">Cinsault (60 %), Grenache (30 %) et Rolle (10 %)<\/strong>, <strong data-start=\"949\" data-end=\"972\">Bormettes ros\u00e9 2024<\/strong> s\u00e9duit par son \u00e9quilibre entre <strong data-start=\"1004\" data-end=\"1039\">fra\u00eecheur, fruit\u00e9 et min\u00e9ralit\u00e9<\/strong>.<\/p>\n<p data-start=\"1044\" data-end=\"1176\">Ce vin se d\u00e9guste jeune, dans les <strong data-start=\"1078\" data-end=\"1087\">2 ans<\/strong>, et r\u00e9v\u00e8le toute sa vivacit\u00e9 en bouche gr\u00e2ce \u00e0 sa mati\u00e8re fine et sa belle aromatique.<\/p>\n<h2 data-start=\"1044\" data-end=\"1176\">Fiche technique du vin Bormettes ros\u00e9<\/h2>\n<h3>Characteristics<\/h3>\n<ul>\n<li data-start=\"1257\" data-end=\"1281\">\n<p data-start=\"1259\" data-end=\"1281\"><strong data-start=\"1259\" data-end=\"1272\">Mill\u00e9sime<\/strong> : 2024<\/p>\n<\/li>\n<li data-start=\"1282\" data-end=\"1313\">\n<p data-start=\"1284\" data-end=\"1313\"><strong data-start=\"1284\" data-end=\"1304\">Degr\u00e9 alcoolique<\/strong> : 12 %<\/p>\n<\/li>\n<li data-start=\"1314\" data-end=\"1372\">\n<p data-start=\"1316\" data-end=\"1372\"><strong data-start=\"1316\" data-end=\"1327\">C\u00e9pages<\/strong> : Cinsault 60 %, Grenache 30 %, Rolle 10 %<\/p>\n<\/li>\n<li data-start=\"1373\" data-end=\"1432\">\n<p data-start=\"1375\" data-end=\"1432\"><strong data-start=\"1375\" data-end=\"1396\">Profil aromatique<\/strong> : l\u00e9ger, frais, fruit\u00e9 et min\u00e9ral<\/p>\n<\/li>\n<li data-start=\"1433\" data-end=\"1467\">\n<p data-start=\"1435\" data-end=\"1467\"><strong data-start=\"1435\" data-end=\"1457\">Potentiel de garde<\/strong> : 2 ans<\/p>\n<\/li>\n<li data-start=\"1468\" data-end=\"1510\">\n<p data-start=\"1470\" data-end=\"1510\"><strong data-start=\"1470\" data-end=\"1496\">Temp\u00e9rature de service<\/strong> : 8 \u00e0 10 \u00b0C<\/p>\n<\/li>\n<li data-start=\"1511\" data-end=\"1586\">\n<p data-start=\"1513\" data-end=\"1586\"><strong data-start=\"1513\" data-end=\"1534\">Occasions id\u00e9ales<\/strong> : ap\u00e9ritif, BBQ, pique-nique, d\u00e9jeuner entre amis<\/p>\n<\/li>\n<\/ul>\n<h3>Suggestions de d\u00e9gustation et accords mets<\/h3>\n<p data-start=\"1646\" data-end=\"1737\">Servi bien frais, ce <strong data-start=\"1667\" data-end=\"1705\">vin ros\u00e9 gastronomique de Provence<\/strong> s\u2019accorde parfaitement avec :<\/p>\n<ul data-start=\"1739\" data-end=\"1866\">\n<li data-start=\"1739\" data-end=\"1785\">\n<p data-start=\"1741\" data-end=\"1785\"><strong data-start=\"1741\" data-end=\"1783\">Cake aux olives et aux tomates s\u00e9ch\u00e9es<\/strong><\/p>\n<\/li>\n<li data-start=\"1786\" data-end=\"1809\">\n<p data-start=\"1788\" data-end=\"1809\"><strong data-start=\"1788\" data-end=\"1807\">Saumon teriyaki<\/strong><\/p>\n<\/li>\n<li data-start=\"1810\" data-end=\"1866\">\n<p data-start=\"1812\" data-end=\"1866\"><strong data-start=\"1812\" data-end=\"1864\">Aubergines grill\u00e9es sauce pesto et fromage frais<\/strong><\/p>\n<\/li>\n<\/ul>\n<p data-start=\"1868\" data-end=\"2008\">Il accompagne \u00e9galement les salades gourmandes, poissons grill\u00e9s et plats estivaux, sublimant chaque bouch\u00e9e par sa fra\u00eecheur et son fruit\u00e9.<\/p>\n<h2 data-start=\"1868\" data-end=\"2008\">T\u00e9l\u00e9charger la fiche produit du Bormettes ros\u00e9<\/h2>\n<p data-start=\"1868\" data-end=\"2008\"><a href=\"https:\/\/acrobat.adobe.com\/id\/urn:aaid:sc:EU:fe7d8e7f-be37-4155-9903-749549bc860c\" target=\"_blank\" rel=\"noopener\">T\u00e9l\u00e9charger la fiche produit Bormettes Ros\u00e9<\/a><\/p>","protected":false},"excerpt":{"rendered":"<p>Fresh and light, it has a beautiful aromatic intensity and a crunchy, tasty, very flattering texture.<\/p>","protected":false},"featured_media":5885,"template":"","meta":[],"product_brand":[],"product_cat":[77,72],"product_tag":[93],"class_list":{"0":"post-3327","1":"product","2":"type-product","3":"status-publish","4":"has-post-thumbnail","6":"product_cat-gamme-essentielle","7":"product_cat-rose","8":"product_tag-rose","10":"first","11":"instock","12":"featured","13":"taxable","14":"shipping-taxable","15":"purchasable","16":"product-type-simple"},"_links":{"self":[{"href":"https:\/\/chateaudesbormettes.com\/en\/wp-json\/wp\/v2\/product\/3327","targetHints":{"allow":["GET"]}}],"collection":[{"href":"https:\/\/chateaudesbormettes.com\/en\/wp-json\/wp\/v2\/product"}],"about":[{"href":"https:\/\/chateaudesbormettes.com\/en\/wp-json\/wp\/v2\/types\/product"}],"wp:featuredmedia":[{"embeddable":true,"href":"https:\/\/chateaudesbormettes.com\/en\/wp-json\/wp\/v2\/media\/5885"}],"wp:attachment":[{"href":"https:\/\/chateaudesbormettes.com\/en\/wp-json\/wp\/v2\/media?parent=3327"}],"wp:term":[{"taxonomy":"product_brand","embeddable":true,"href":"https:\/\/chateaudesbormettes.com\/en\/wp-json\/wp\/v2\/product_brand?post=3327"},{"taxonomy":"product_cat","embeddable":true,"href":"https:\/\/chateaudesbormettes.com\/en\/wp-json\/wp\/v2\/product_cat?post=3327"},{"taxonomy":"product_tag","embeddable":true,"href":"https:\/\/chateaudesbormettes.com\/en\/wp-json\/wp\/v2\/product_tag?post=3327"}],"curies":[{"name":"wp","href":"https:\/\/api.w.org\/{rel}","templated":true}]}}