{"id":3328,"date":"2023-11-15T19:33:47","date_gmt":"2023-11-15T19:33:47","guid":{"rendered":"https:\/\/chateaudesbormettes.com\/?post_type=product&#038;p=3328"},"modified":"2026-01-05T10:52:19","modified_gmt":"2026-01-05T10:52:19","slug":"largentiere","status":"publish","type":"product","link":"https:\/\/chateaudesbormettes.com\/en\/product\/largentiere\/","title":{"rendered":"L&rsquo; Argenti\u00e8re &#8211; Vin ros\u00e9 de Provence &#8211; Ch\u00e2teau des Bormettes"},"content":{"rendered":"<p data-start=\"300\" data-end=\"693\"><strong data-start=\"300\" data-end=\"321\">L\u2019Argenti\u00e8re 2024<\/strong> est un <strong data-start=\"329\" data-end=\"373\">vin ros\u00e9 de Provence gourmand et \u00e9l\u00e9gant<\/strong>, \u00e9labor\u00e9 par le <strong data-start=\"390\" data-end=\"415\">Ch\u00e2teau des Bormettes<\/strong> - <strong data-start=\"418\" data-end=\"441\">La Londe-les-Maures<\/strong>. Avec ses <strong data-start=\"452\" data-end=\"503\">ar\u00f4mes floraux, sa fra\u00eecheur et sa touche sal\u00e9e<\/strong>, ce ros\u00e9 m\u00e9diterran\u00e9en s\u00e9duit les amateurs de vins fins et raffin\u00e9s. Id\u00e9al pour les moments conviviaux, il accompagne parfaitement <strong data-start=\"635\" data-end=\"692\">ap\u00e9ritifs, d\u00e9jeuners en famille ou d\u00eeners en amoureux<\/strong>.<\/p>\n<h2 data-start=\"300\" data-end=\"693\">Un vin ros\u00e9 de Provence floral et frais<\/h2>\n<p data-start=\"749\" data-end=\"987\">Issu d\u2019un assemblage de <strong data-start=\"773\" data-end=\"824\">Grenache (54 %), Cinsault (39 %) et Rolle (7 %)<\/strong>, ce vin exprime pleinement le terroir varois. Sa belle mati\u00e8re fine et sa fra\u00eecheur en font un <strong data-start=\"920\" data-end=\"942\">vin ros\u00e9 \u00e9quilibr\u00e9<\/strong>, facile \u00e0 boire et imm\u00e9diatement appr\u00e9ci\u00e9.<\/p>\n<p data-start=\"989\" data-end=\"1122\">Pens\u00e9 pour \u00eatre d\u00e9gust\u00e9 jeune, <strong data-start=\"1020\" data-end=\"1041\">L\u2019Argenti\u00e8re 2024<\/strong> se savoure dans les <strong data-start=\"1062\" data-end=\"1075\">2 \u00e0 3 ans<\/strong>, r\u00e9v\u00e9lant toute sa d\u00e9licatesse et sa vivacit\u00e9.<\/p>\n<h2 data-start=\"989\" data-end=\"1122\">Fiche technique du vin L\u2019Argenti\u00e8re<\/h2>\n<h3>Characteristics<\/h3>\n<ul>\n<li data-start=\"1201\" data-end=\"1225\">\n<p data-start=\"1203\" data-end=\"1225\"><strong data-start=\"1203\" data-end=\"1216\">Mill\u00e9sime<\/strong> : 2024<\/p>\n<\/li>\n<li data-start=\"1226\" data-end=\"1259\">\n<p data-start=\"1228\" data-end=\"1259\"><strong data-start=\"1228\" data-end=\"1248\">Degr\u00e9 alcoolique<\/strong> : 12,5 %<\/p>\n<\/li>\n<li data-start=\"1260\" data-end=\"1317\">\n<p data-start=\"1262\" data-end=\"1317\"><strong data-start=\"1262\" data-end=\"1273\">C\u00e9pages<\/strong> : Grenache 54 %, Cinsault 39 %, Rolle 7 %<\/p>\n<\/li>\n<li data-start=\"1318\" data-end=\"1377\">\n<p data-start=\"1320\" data-end=\"1377\"><strong data-start=\"1320\" data-end=\"1341\">Profil aromatique<\/strong> : floral, frais, salin et \u00e9l\u00e9gant<\/p>\n<\/li>\n<li data-start=\"1378\" data-end=\"1416\">\n<p data-start=\"1380\" data-end=\"1416\"><strong data-start=\"1380\" data-end=\"1402\">Potentiel de garde<\/strong> : 2 \u00e0 3 ans<\/p>\n<\/li>\n<li data-start=\"1417\" data-end=\"1459\">\n<p data-start=\"1419\" data-end=\"1459\"><strong data-start=\"1419\" data-end=\"1445\">Temp\u00e9rature de service<\/strong> : 8 \u00e0 10 \u00b0C<\/p>\n<\/li>\n<li data-start=\"1460\" data-end=\"1554\">\n<p data-start=\"1462\" data-end=\"1554\"><strong data-start=\"1462\" data-end=\"1483\">Occasions id\u00e9ales<\/strong> : ap\u00e9ritif, d\u00e9jeuner en famille, d\u00eener entre amis, repas en amoureux<\/p>\n<\/li>\n<\/ul>\n<h3>Suggestions de d\u00e9gustation et accords mets<\/h3>\n<p data-start=\"1614\" data-end=\"1705\">Servi bien frais, ce <strong data-start=\"1635\" data-end=\"1673\">vin ros\u00e9 gastronomique de Provence<\/strong> s\u2019accorde parfaitement avec :<\/p>\n<ul data-start=\"1707\" data-end=\"1836\">\n<li data-start=\"1707\" data-end=\"1732\">\n<p data-start=\"1709\" data-end=\"1732\"><strong data-start=\"1709\" data-end=\"1730\">Canard \u00e0 l\u2019orange<\/strong><\/p>\n<\/li>\n<li data-start=\"1733\" data-end=\"1782\">\n<p data-start=\"1735\" data-end=\"1782\"><strong data-start=\"1735\" data-end=\"1780\">Rouget grill\u00e9 avec l\u00e9gumes m\u00e9diterran\u00e9ens<\/strong><\/p>\n<\/li>\n<li data-start=\"1783\" data-end=\"1836\">\n<p data-start=\"1785\" data-end=\"1836\"><strong data-start=\"1785\" data-end=\"1804\">\u00c9poisses affin\u00e9<\/strong> pour un accord plus audacieux<\/p>\n<\/li>\n<\/ul>\n<p data-start=\"1838\" data-end=\"1978\">Il accompagne \u00e9galement les plats estivaux, salades gourmandes et poissons grill\u00e9s, sublimant chaque bouch\u00e9e par sa finesse et sa fra\u00eecheur.<\/p>\n<h2 data-start=\"1838\" data-end=\"1978\">T\u00e9l\u00e9charger la fiche produit de L&rsquo;Argenti\u00e8re ros\u00e9<\/h2>\n<p><a href=\"https:\/\/acrobat.adobe.com\/id\/urn:aaid:sc:EU:3b8aca74-6fa8-42b5-81c9-e33497fc68a0\" target=\"_blank\" rel=\"noopener\">T\u00e9l\u00e9charger la fiche produit L&rsquo;argenti\u00e8re ros\u00e9<\/a><\/p>","protected":false},"excerpt":{"rendered":"<p>A gourmet ros\u00e9 with its notes of citrus and red fruits and its beautiful fine and tasty substance.<\/p>","protected":false},"featured_media":5248,"template":"","meta":[],"product_brand":[],"product_cat":[76,72],"product_tag":[],"class_list":{"0":"post-3328","1":"product","2":"type-product","3":"status-publish","4":"has-post-thumbnail","6":"product_cat-gamme-signature","7":"product_cat-rose","9":"first","10":"instock","11":"featured","12":"taxable","13":"shipping-taxable","14":"purchasable","15":"product-type-simple"},"_links":{"self":[{"href":"https:\/\/chateaudesbormettes.com\/en\/wp-json\/wp\/v2\/product\/3328","targetHints":{"allow":["GET"]}}],"collection":[{"href":"https:\/\/chateaudesbormettes.com\/en\/wp-json\/wp\/v2\/product"}],"about":[{"href":"https:\/\/chateaudesbormettes.com\/en\/wp-json\/wp\/v2\/types\/product"}],"wp:featuredmedia":[{"embeddable":true,"href":"https:\/\/chateaudesbormettes.com\/en\/wp-json\/wp\/v2\/media\/5248"}],"wp:attachment":[{"href":"https:\/\/chateaudesbormettes.com\/en\/wp-json\/wp\/v2\/media?parent=3328"}],"wp:term":[{"taxonomy":"product_brand","embeddable":true,"href":"https:\/\/chateaudesbormettes.com\/en\/wp-json\/wp\/v2\/product_brand?post=3328"},{"taxonomy":"product_cat","embeddable":true,"href":"https:\/\/chateaudesbormettes.com\/en\/wp-json\/wp\/v2\/product_cat?post=3328"},{"taxonomy":"product_tag","embeddable":true,"href":"https:\/\/chateaudesbormettes.com\/en\/wp-json\/wp\/v2\/product_tag?post=3328"}],"curies":[{"name":"wp","href":"https:\/\/api.w.org\/{rel}","templated":true}]}}