{"id":3330,"date":"2023-11-15T20:05:47","date_gmt":"2023-11-15T20:05:47","guid":{"rendered":"https:\/\/chateaudesbormettes.com\/?post_type=product&#038;p=3330"},"modified":"2026-01-05T10:32:49","modified_gmt":"2026-01-05T10:32:49","slug":"instinct-parcellaire-rouge","status":"publish","type":"product","link":"https:\/\/chateaudesbormettes.com\/en\/product\/instinct-parcellaire-rouge\/","title":{"rendered":"Instinct Parcellaire rouge \u2013 Vin rouge de Provence &#8211; Ch\u00e2teau des Bormettes"},"content":{"rendered":"<p>Instinct Parcellaire Rouge 2022 est un <strong data-start=\"384\" data-end=\"428\">vin rouge de Provence \u00e9l\u00e9gant et raffin\u00e9<\/strong>, \u00e9labor\u00e9 par le <strong data-start=\"445\" data-end=\"470\">Ch\u00e2teau des Bormettes<\/strong> - <strong data-start=\"473\" data-end=\"496\">La Londe-les-Maures<\/strong>. Issu de vieilles vignes et \u00e9lev\u00e9 pendant un an en <strong data-start=\"548\" data-end=\"562\">demi-muids<\/strong>, ce mill\u00e9sime s\u00e9duit par sa <strong data-start=\"591\" data-end=\"651\">mati\u00e8re cisel\u00e9e, son fruit\u00e9 subtil et sa grande \u00e9l\u00e9gance<\/strong>, offrant une d\u00e9gustation harmonieuse et structur\u00e9e.<\/p>\n<h2>Un vin rouge de Provence charpent\u00e9 et soyeux<\/h2>\n<p data-start=\"766\" data-end=\"1024\">Compos\u00e9 \u00e0 85 % de <strong data-start=\"784\" data-end=\"793\">Syrah<\/strong> et 15 % de <strong data-start=\"805\" data-end=\"817\">Grenache<\/strong>, ce vin rouge refl\u00e8te le caract\u00e8re du <strong data-start=\"856\" data-end=\"877\">terroir proven\u00e7al<\/strong>. Il combine puissance et finesse, avec des notes <strong data-start=\"927\" data-end=\"963\">\u00e9pic\u00e9es, fruit\u00e9es et charpent\u00e9es<\/strong>, parfait pour les amateurs de <strong data-start=\"994\" data-end=\"1021\">vin rouge gastronomique<\/strong>.<\/p>\n<p data-start=\"1026\" data-end=\"1227\">Pens\u00e9 pour accompagner les repas et les grandes occasions, ce vin r\u00e9v\u00e8le toute sa richesse aromatique apr\u00e8s quelques ann\u00e9es de garde, jusqu\u2019\u00e0 <strong data-start=\"1168\" data-end=\"1178\">10 ans<\/strong> pour ceux qui souhaitent le savourer pleinement.<\/p>\n<h2 data-start=\"1026\" data-end=\"1227\">Fiche technique du vin Instinct Parcellaire Rouge<\/h2>\n<h3>Characteristics<\/h3>\n<ul>\n<li data-start=\"1320\" data-end=\"1344\">\n<p data-start=\"1322\" data-end=\"1344\"><strong data-start=\"1322\" data-end=\"1335\">Mill\u00e9sime<\/strong> : 2022<\/p>\n<\/li>\n<li data-start=\"1345\" data-end=\"1376\">\n<p data-start=\"1347\" data-end=\"1376\"><strong data-start=\"1347\" data-end=\"1367\">Degr\u00e9 alcoolique<\/strong> : 14 %<\/p>\n<\/li>\n<li data-start=\"1377\" data-end=\"1420\">\n<p data-start=\"1379\" data-end=\"1420\"><strong data-start=\"1379\" data-end=\"1390\">C\u00e9pages<\/strong> : Syrah 85 %, Grenache 15 %<\/p>\n<\/li>\n<li data-start=\"1421\" data-end=\"1483\">\n<p data-start=\"1423\" data-end=\"1483\"><strong data-start=\"1423\" data-end=\"1444\">Profil aromatique<\/strong> : \u00e9pic\u00e9, fruit\u00e9, charpent\u00e9 et soyeux<\/p>\n<\/li>\n<li data-start=\"1484\" data-end=\"1527\">\n<p data-start=\"1486\" data-end=\"1527\"><strong data-start=\"1486\" data-end=\"1508\">Potentiel de garde<\/strong> : jusqu\u2019\u00e0 10 ans<\/p>\n<\/li>\n<li data-start=\"1528\" data-end=\"1566\">\n<p data-start=\"1530\" data-end=\"1566\"><strong data-start=\"1530\" data-end=\"1556\">Temp\u00e9rature de service<\/strong> : 17 \u00b0C<\/p>\n<\/li>\n<li data-start=\"1567\" data-end=\"1662\">\n<p data-start=\"1569\" data-end=\"1662\"><strong data-start=\"1569\" data-end=\"1590\">Occasions id\u00e9ales<\/strong> : d\u00eener en famille, repas en amoureux, repas d\u2019affaires, c\u00e9l\u00e9brations<\/p>\n<\/li>\n<\/ul>\n<h3>Suggestions de d\u00e9gustation et accords mets<\/h3>\n<p data-start=\"1722\" data-end=\"1787\">Ce <strong data-start=\"1725\" data-end=\"1750\">vin rouge de Provence<\/strong> s\u2019appr\u00e9cie particuli\u00e8rement avec :<\/p>\n<ul data-start=\"1789\" data-end=\"1906\">\n<li data-start=\"1789\" data-end=\"1812\">\n<p data-start=\"1791\" data-end=\"1812\"><strong data-start=\"1791\" data-end=\"1810\">Foie gras po\u00eal\u00e9<\/strong><\/p>\n<\/li>\n<li data-start=\"1813\" data-end=\"1847\">\n<p data-start=\"1815\" data-end=\"1847\"><strong data-start=\"1815\" data-end=\"1845\">Andouillette \u00e0 la moutarde<\/strong><\/p>\n<\/li>\n<li data-start=\"1848\" data-end=\"1906\">\n<p data-start=\"1850\" data-end=\"1906\"><strong data-start=\"1850\" data-end=\"1904\">Onglet de b\u0153uf accompagn\u00e9 d\u2019une sauce au vin rouge<\/strong><\/p>\n<\/li>\n<\/ul>\n<p data-start=\"1908\" data-end=\"2078\">Il sublimera \u00e9galement les plats de viande grill\u00e9e, les gibiers et certaines cuisines gastronomiques, offrant une harmonie parfaite entre les mets et la structure du vin.<\/p>\n<h2 data-start=\"1908\" data-end=\"2078\">T\u00e9l\u00e9charger la fiche produit de L&rsquo;Instinct Parcellaire Rouge<\/h2>\n<p><a title=\"Ch\u00e2teau des Bormettes_FT_Instinct Parcellaire rouge 2022_FR\" href=\"https:\/\/acrobat.adobe.com\/id\/urn:aaid:sc:EU:1cd12949-fdd4-4b54-877e-ba5dd0ad7c80\" target=\"_blank\" rel=\"noopener\">T\u00e9l\u00e9charger la fiche produit Instinct Parcellaire roge<\/a><\/p>","protected":false},"excerpt":{"rendered":"<p>Sparkling red wine from old vines and aged for one year in demi-muids, it charms with its subtle fruity notes and its chiseled substance of great elegance.<\/p>","protected":false},"featured_media":5875,"template":"","meta":[],"product_brand":[],"product_cat":[75,71],"product_tag":[95],"class_list":{"0":"post-3330","1":"product","2":"type-product","3":"status-publish","4":"has-post-thumbnail","6":"product_cat-gamme-parcellaire","7":"product_cat-rouge","8":"product_tag-rouge","10":"first","11":"instock","12":"featured","13":"taxable","14":"shipping-taxable","15":"purchasable","16":"product-type-simple"},"_links":{"self":[{"href":"https:\/\/chateaudesbormettes.com\/en\/wp-json\/wp\/v2\/product\/3330","targetHints":{"allow":["GET"]}}],"collection":[{"href":"https:\/\/chateaudesbormettes.com\/en\/wp-json\/wp\/v2\/product"}],"about":[{"href":"https:\/\/chateaudesbormettes.com\/en\/wp-json\/wp\/v2\/types\/product"}],"wp:featuredmedia":[{"embeddable":true,"href":"https:\/\/chateaudesbormettes.com\/en\/wp-json\/wp\/v2\/media\/5875"}],"wp:attachment":[{"href":"https:\/\/chateaudesbormettes.com\/en\/wp-json\/wp\/v2\/media?parent=3330"}],"wp:term":[{"taxonomy":"product_brand","embeddable":true,"href":"https:\/\/chateaudesbormettes.com\/en\/wp-json\/wp\/v2\/product_brand?post=3330"},{"taxonomy":"product_cat","embeddable":true,"href":"https:\/\/chateaudesbormettes.com\/en\/wp-json\/wp\/v2\/product_cat?post=3330"},{"taxonomy":"product_tag","embeddable":true,"href":"https:\/\/chateaudesbormettes.com\/en\/wp-json\/wp\/v2\/product_tag?post=3330"}],"curies":[{"name":"wp","href":"https:\/\/api.w.org\/{rel}","templated":true}]}}