{"id":3331,"date":"2023-11-15T20:05:55","date_gmt":"2023-11-15T20:05:55","guid":{"rendered":"https:\/\/chateaudesbormettes.com\/?post_type=product&#038;p=3331"},"modified":"2026-01-05T10:49:32","modified_gmt":"2026-01-05T10:49:32","slug":"instinct-parcellaire-rose","status":"publish","type":"product","link":"https:\/\/chateaudesbormettes.com\/en\/product\/instinct-parcellaire-rose\/","title":{"rendered":"Instinct Parcellaire Ros\u00e9 &#8211; Vin ros\u00e9 de Provence- Ch\u00e2teau des Bormettes"},"content":{"rendered":"<p>Instinct Parcellaire Ros\u00e9 2024 est un <strong data-start=\"348\" data-end=\"391\">vin ros\u00e9 de Provence d\u00e9licat et raffin\u00e9<\/strong>, \u00e9labor\u00e9 par le <strong data-start=\"408\" data-end=\"433\">Ch\u00e2teau des Bormettes<\/strong> - <strong data-start=\"436\" data-end=\"459\">La Londe-les-Maures<\/strong>. Frais, fruit\u00e9 et min\u00e9ral, ce mill\u00e9sime incarne l\u2019esprit m\u00e9diterran\u00e9en : un vin plaisir, id\u00e9al pour les moments de convivialit\u00e9, les repas en famille ou entre amis.<\/p>\n<h2>Un vin ros\u00e9 de Provence fruit\u00e9 et \u00e9l\u00e9gant<\/h2>\n<p data-start=\"682\" data-end=\"937\">Issu d\u2019un <strong data-start=\"692\" data-end=\"728\">assemblage typiquement proven\u00e7al<\/strong>, ce ros\u00e9 associe les c\u00e9pages <strong data-start=\"758\" data-end=\"810\">Grenache (58 %), Cinsault (31 %) et Rolle (11 %)<\/strong>. Il s\u00e9duit par sa fra\u00eecheur, sa finesse et son \u00e9quilibre aromatique, offrant une d\u00e9gustation facile et imm\u00e9diatement agr\u00e9able.<\/p>\n<p data-start=\"939\" data-end=\"1105\">Pens\u00e9 pour \u00eatre servi jeune, ce <strong data-start=\"971\" data-end=\"995\">vin ros\u00e9 de Provence<\/strong> est id\u00e9al pour accompagner des instants simples et gourmands, du repas quotidien aux occasions plus festives.<\/p>\n<h2 data-start=\"939\" data-end=\"1105\">Fiche technique du vin Instinct Parcellaire Ros\u00e9<\/h2>\n<h3>Characteristics<\/h3>\n<ul>\n<li data-start=\"1197\" data-end=\"1221\">\n<p data-start=\"1199\" data-end=\"1221\"><strong data-start=\"1199\" data-end=\"1212\">Mill\u00e9sime<\/strong> : 2024<\/p>\n<\/li>\n<li data-start=\"1222\" data-end=\"1255\">\n<p data-start=\"1224\" data-end=\"1255\"><strong data-start=\"1224\" data-end=\"1244\">Degr\u00e9 alcoolique<\/strong> : 12,5 %<\/p>\n<\/li>\n<li data-start=\"1256\" data-end=\"1314\">\n<p data-start=\"1258\" data-end=\"1314\"><strong data-start=\"1258\" data-end=\"1269\">C\u00e9pages<\/strong> : Grenache 58 %, Cinsault 31 %, Rolle 11 %<\/p>\n<\/li>\n<li data-start=\"1315\" data-end=\"1374\">\n<p data-start=\"1317\" data-end=\"1374\"><strong data-start=\"1317\" data-end=\"1338\">Profil aromatique<\/strong> : min\u00e9ral, fin, fruit\u00e9 et d\u00e9licat<\/p>\n<\/li>\n<li data-start=\"1375\" data-end=\"1417\">\n<p data-start=\"1377\" data-end=\"1417\"><strong data-start=\"1377\" data-end=\"1399\">Potentiel de garde<\/strong> : jusqu\u2019\u00e0 3 ans<\/p>\n<\/li>\n<li data-start=\"1418\" data-end=\"1460\">\n<p data-start=\"1420\" data-end=\"1460\"><strong data-start=\"1420\" data-end=\"1446\">Temp\u00e9rature de service<\/strong> : 8 \u00e0 10 \u00b0C<\/p>\n<\/li>\n<li data-start=\"1461\" data-end=\"1542\">\n<p data-start=\"1463\" data-end=\"1542\"><strong data-start=\"1463\" data-end=\"1484\">Occasions id\u00e9ales<\/strong> : d\u00eener en famille, repas en amoureux, repas d\u2019affaires<\/p>\n<\/li>\n<\/ul>\n<h3>Suggestions de d\u00e9gustation<\/h3>\n<p data-start=\"1586\" data-end=\"1705\">Servi bien frais, ce <strong data-start=\"1607\" data-end=\"1633\">vin ros\u00e9 gastronomique<\/strong> r\u00e9v\u00e8le toute sa fra\u00eecheur et son fruit\u00e9. Il accompagne parfaitement :<\/p>\n<ul data-start=\"1707\" data-end=\"1832\">\n<li data-start=\"1707\" data-end=\"1735\">\n<p data-start=\"1709\" data-end=\"1735\"><strong data-start=\"1709\" data-end=\"1733\">Linguines aux gambas<\/strong><\/p>\n<\/li>\n<li data-start=\"1736\" data-end=\"1780\">\n<p data-start=\"1738\" data-end=\"1780\"><strong data-start=\"1738\" data-end=\"1778\">Wok de poulet aux saveurs asiatiques<\/strong><\/p>\n<\/li>\n<li data-start=\"1781\" data-end=\"1832\">\n<p data-start=\"1783\" data-end=\"1832\"><strong data-start=\"1783\" data-end=\"1810\">Mimolette extra-vieille<\/strong> ou fromages affin\u00e9s<\/p>\n<\/li>\n<\/ul>\n<p data-start=\"1834\" data-end=\"1918\">Ce ros\u00e9 polyvalent sublime \u00e9galement les ap\u00e9ritifs estivaux et les repas conviviaux.<\/p>\n<h2 data-start=\"1834\" data-end=\"1918\">T\u00e9l\u00e9charger la fiche produit de L&rsquo;Instinct Parcellaire Ros\u00e9<\/h2>\n<p><a href=\"https:\/\/acrobat.adobe.com\/id\/urn:aaid:sc:EU:a172c628-6ae6-444b-bf63-c9ba352ffb52\" target=\"_blank\" rel=\"noopener\">T\u00e9l\u00e9charger la fiche produit Instinct Parcellaire Ros\u00e9<\/a><\/p>","protected":false},"excerpt":{"rendered":"<p>Its fruity and floral notes are revealed in a lovely juicy, fine and delicate substance, and extend towards a long, deliciously saline finish.<\/p>","protected":false},"featured_media":4660,"template":"","meta":[],"product_brand":[],"product_cat":[75,72],"product_tag":[],"class_list":{"0":"post-3331","1":"product","2":"type-product","3":"status-publish","4":"has-post-thumbnail","6":"product_cat-gamme-parcellaire","7":"product_cat-rose","9":"first","10":"instock","11":"featured","12":"taxable","13":"shipping-taxable","14":"purchasable","15":"product-type-simple"},"_links":{"self":[{"href":"https:\/\/chateaudesbormettes.com\/en\/wp-json\/wp\/v2\/product\/3331","targetHints":{"allow":["GET"]}}],"collection":[{"href":"https:\/\/chateaudesbormettes.com\/en\/wp-json\/wp\/v2\/product"}],"about":[{"href":"https:\/\/chateaudesbormettes.com\/en\/wp-json\/wp\/v2\/types\/product"}],"wp:featuredmedia":[{"embeddable":true,"href":"https:\/\/chateaudesbormettes.com\/en\/wp-json\/wp\/v2\/media\/4660"}],"wp:attachment":[{"href":"https:\/\/chateaudesbormettes.com\/en\/wp-json\/wp\/v2\/media?parent=3331"}],"wp:term":[{"taxonomy":"product_brand","embeddable":true,"href":"https:\/\/chateaudesbormettes.com\/en\/wp-json\/wp\/v2\/product_brand?post=3331"},{"taxonomy":"product_cat","embeddable":true,"href":"https:\/\/chateaudesbormettes.com\/en\/wp-json\/wp\/v2\/product_cat?post=3331"},{"taxonomy":"product_tag","embeddable":true,"href":"https:\/\/chateaudesbormettes.com\/en\/wp-json\/wp\/v2\/product_tag?post=3331"}],"curies":[{"name":"wp","href":"https:\/\/api.w.org\/{rel}","templated":true}]}}