{"id":4203,"date":"2023-12-07T15:29:33","date_gmt":"2023-12-07T15:29:33","guid":{"rendered":"https:\/\/chateaudesbormettes.com\/?post_type=product&#038;p=4203"},"modified":"2026-01-05T14:08:50","modified_gmt":"2026-01-05T14:08:50","slug":"la-baie-des-isles","status":"publish","type":"product","link":"https:\/\/chateaudesbormettes.com\/en\/product\/la-baie-des-isles\/","title":{"rendered":"La Baie des Isles \u2013 Vin de Provence ros\u00e9 &#8211; Ch\u00e2teau des Bormettes"},"content":{"rendered":"<h2>La Baie des Isles \u2013 Vin de Provence ros\u00e9 &#8211; Ch\u00e2teau des Bormettes<\/h2>\n<p>La Baie des Isles est un vin de Provence convivial et lumineux, \u00e9labor\u00e9 par le Ch\u00e2teau des Bormettes \u00e0 La Londe-les-Maures. Frais, fruit\u00e9 et gourmand, ce mill\u00e9sime 2024 incarne l\u2019esprit m\u00e9diterran\u00e9en : un vin plaisir, id\u00e9al pour les moments simples et partag\u00e9s.<\/p>\n<h2>Un vin de Provence accessible et expressif<\/h2>\n<p data-start=\"1012\" data-end=\"1303\">Issu d\u2019un assemblage typiquement proven\u00e7al, La Baie des Isles s\u00e9duit par son \u00e9quilibre entre fra\u00eecheur et gourmandise. Les c\u00e9pages Niellucio, Caladoc, Grenache et Ugni Blanc s\u2019expriment ici avec franchise, offrant un vin aromatique, facile \u00e0 boire et r\u00e9solument tourn\u00e9 vers le plaisir.<\/p>\n<p data-start=\"1308\" data-end=\"1441\">Pens\u00e9 pour \u00eatre d\u00e9gust\u00e9 jeune, ce vin accompagne parfaitement les instants de convivialit\u00e9, de l\u2019ap\u00e9ritif aux repas d\u00e9contract\u00e9s.<\/p>\n<h2 data-start=\"1308\" data-end=\"1441\">Fiche technique du vin La Baie des Isles<\/h2>\n<h3 data-start=\"1308\" data-end=\"1441\">Characteristics<\/h3>\n<ul>\n<li data-start=\"1531\" data-end=\"1555\">\n<p data-start=\"1533\" data-end=\"1555\"><strong data-start=\"1533\" data-end=\"1546\">Mill\u00e9sime<\/strong> : 2024<\/p>\n<\/li>\n<li data-start=\"1556\" data-end=\"1587\">\n<p data-start=\"1558\" data-end=\"1587\"><strong data-start=\"1558\" data-end=\"1578\">Degr\u00e9 alcoolique<\/strong> : 12 %<\/p>\n<\/li>\n<li data-start=\"1588\" data-end=\"1687\">\n<p data-start=\"1590\" data-end=\"1605\"><strong data-start=\"1590\" data-end=\"1601\">C\u00e9pages<\/strong> :<\/p>\n<ul data-start=\"1608\" data-end=\"1687\">\n<li data-start=\"1608\" data-end=\"1626\">\n<p data-start=\"1610\" data-end=\"1626\">40 % Niellucio<\/p>\n<\/li>\n<li data-start=\"1629\" data-end=\"1645\">\n<p data-start=\"1631\" data-end=\"1645\">37 % Caladoc<\/p>\n<\/li>\n<li data-start=\"1648\" data-end=\"1665\">\n<p data-start=\"1650\" data-end=\"1665\">13 % Grenache<\/p>\n<\/li>\n<li data-start=\"1668\" data-end=\"1687\">\n<p data-start=\"1670\" data-end=\"1687\">10 % Ugni Blanc<\/p>\n<\/li>\n<\/ul>\n<\/li>\n<li data-start=\"1688\" data-end=\"1739\">\n<p data-start=\"1690\" data-end=\"1739\"><strong data-start=\"1690\" data-end=\"1711\">Profil aromatique<\/strong> : Gourmand, frais, fruit\u00e9<\/p>\n<\/li>\n<li data-start=\"1740\" data-end=\"1773\">\n<p data-start=\"1742\" data-end=\"1773\"><strong data-start=\"1742\" data-end=\"1764\">Potentiel de garde<\/strong> : 1 an<\/p>\n<\/li>\n<\/ul>\n<h3>Conseils de d\u00e9gustation<\/h3>\n<ul data-start=\"1884\" data-end=\"2006\">\n<li data-start=\"1884\" data-end=\"1925\">\n<p data-start=\"1886\" data-end=\"1925\"><strong data-start=\"1886\" data-end=\"1912\">Temp\u00e9rature de service<\/strong> : 8 \u00e0 10\u00b0C<\/p>\n<\/li>\n<li data-start=\"1926\" data-end=\"2006\">\n<p data-start=\"1928\" data-end=\"2006\"><strong data-start=\"1928\" data-end=\"1949\">Occasions id\u00e9ales<\/strong> : ap\u00e9ritif, barbecue, pique-nique, d\u00e9jeuner entre amis<\/p>\n<\/li>\n<\/ul>\n<blockquote data-start=\"2008\" data-end=\"2139\">\n<p data-start=\"2010\" data-end=\"2139\"><strong data-start=\"2010\" data-end=\"2139\">Servi bien frais, La Baie des Isles r\u00e9v\u00e8le toute sa vivacit\u00e9 et son fruit, pour une d\u00e9gustation imm\u00e9diate et sans contrainte.<\/strong><\/p>\n<\/blockquote>\n<h2 data-start=\"2010\" data-end=\"2139\">Accords mets &amp; vin<\/h2>\n<h2 data-start=\"2010\" data-end=\"2139\"><strong style=\"font-size: 16px;\" data-start=\"2179\" data-end=\"2267\">La Baie des Isles s\u2019accorde parfaitement avec une cuisine ensoleill\u00e9e et conviviale.<\/strong><\/h2>\n<h3 data-start=\"2271\" data-end=\"2299\">Suggestions gourmandes :<\/h3>\n<ul data-start=\"2300\" data-end=\"2414\">\n<li data-start=\"2300\" data-end=\"2346\">\n<p data-start=\"2302\" data-end=\"2346\">Beignets de courgettes aux herbes fra\u00eeches<\/p>\n<\/li>\n<li data-start=\"2347\" data-end=\"2381\">\n<p data-start=\"2349\" data-end=\"2381\">Feuillet\u00e9s \u00e0 la tapenade noire<\/p>\n<\/li>\n<li data-start=\"2382\" data-end=\"2414\">\n<p data-start=\"2384\" data-end=\"2414\">Viandes grill\u00e9es au barbecue<\/p>\n<\/li>\n<\/ul>\n<blockquote data-start=\"2416\" data-end=\"2515\">\n<p data-start=\"2418\" data-end=\"2515\"><strong data-start=\"2418\" data-end=\"2515\">Un vin polyvalent qui sublime les repas estivaux et les instants partag\u00e9s autour d\u2019une table.<\/strong><\/p>\n<\/blockquote>","protected":false},"excerpt":{"rendered":"<p>A new vintage is making its debut at Les Bormettes: Baie des \u00celes. Referring to the Londe district located near the Miramar port, here is a simple, accessible and delicious wine, for immediate pleasure!<\/p>","protected":false},"featured_media":4780,"template":"","meta":[],"product_brand":[],"product_cat":[96,72],"product_tag":[],"class_list":{"0":"post-4203","1":"product","2":"type-product","3":"status-publish","4":"has-post-thumbnail","6":"product_cat-igp","7":"product_cat-rose","9":"first","10":"instock","11":"taxable","12":"shipping-taxable","13":"purchasable","14":"product-type-simple"},"_links":{"self":[{"href":"https:\/\/chateaudesbormettes.com\/en\/wp-json\/wp\/v2\/product\/4203","targetHints":{"allow":["GET"]}}],"collection":[{"href":"https:\/\/chateaudesbormettes.com\/en\/wp-json\/wp\/v2\/product"}],"about":[{"href":"https:\/\/chateaudesbormettes.com\/en\/wp-json\/wp\/v2\/types\/product"}],"wp:featuredmedia":[{"embeddable":true,"href":"https:\/\/chateaudesbormettes.com\/en\/wp-json\/wp\/v2\/media\/4780"}],"wp:attachment":[{"href":"https:\/\/chateaudesbormettes.com\/en\/wp-json\/wp\/v2\/media?parent=4203"}],"wp:term":[{"taxonomy":"product_brand","embeddable":true,"href":"https:\/\/chateaudesbormettes.com\/en\/wp-json\/wp\/v2\/product_brand?post=4203"},{"taxonomy":"product_cat","embeddable":true,"href":"https:\/\/chateaudesbormettes.com\/en\/wp-json\/wp\/v2\/product_cat?post=4203"},{"taxonomy":"product_tag","embeddable":true,"href":"https:\/\/chateaudesbormettes.com\/en\/wp-json\/wp\/v2\/product_tag?post=4203"}],"curies":[{"name":"wp","href":"https:\/\/api.w.org\/{rel}","templated":true}]}}