{"id":5707,"date":"2025-02-07T12:55:18","date_gmt":"2025-02-07T12:55:18","guid":{"rendered":"https:\/\/chateaudesbormettes.com\/?post_type=product&#038;p=5707"},"modified":"2026-03-05T09:35:19","modified_gmt":"2026-03-05T09:35:19","slug":"pour-les-irreductibles-de-rose","status":"publish","type":"product","link":"https:\/\/chateaudesbormettes.com\/en\/product\/pour-les-irreductibles-de-rose\/","title":{"rendered":"Pour les irr\u00e9ductibles de ros\u00e9"},"content":{"rendered":"<p>Parce que pour nous aussi ros\u00e9 rime avec toute l&rsquo;ann\u00e9e ! Profitez de fraicheur, de finesse et de d\u00e9licatesse toute l&rsquo;ann\u00e9e. Que diriez vous d&rsquo;un ap\u00e9ritif gourmand autour d&rsquo;un <strong>Bormettes ros\u00e9 2024<\/strong> ? Bouch\u00e9es aux fruits de mer ou encore crevette au curry, un ap\u00e9ritif gourmand toute l&rsquo;ann\u00e9e ou que vous soyez. Que dire de l&rsquo;<strong>Argenti\u00e8re 2024<\/strong> qui saura sublimer une grande majorit\u00e9 de vos plats. Ne loupez pas des accords audacieux comme un pad tha\u00ef poulet, un plat \u00e0 base de fromage cr\u00e9meux\u2026 Nous aurions encore bien des choses \u00e0 vous dire, mais le mieux reste encore de l&rsquo;essayer ! Prolongez le plaisir avec un ros\u00e9 de garde,\u00a0 \u00ab\u00a0<strong>Instinct Parcellaire Ros\u00e9 2023<\/strong>\u00ab , \u00e9l\u00e9gant et structur\u00e9. Id\u00e9al pour les amateurs de finesse, il se distingue par sa complexit\u00e9 aromatique et sa belle longueur en bouche. Osez des accords comme des tagliatelles aux langoustines ou un ceviche de daurade aux fruits blancs.<\/p>","protected":false},"excerpt":{"rendered":"<p>Parce que pour nous aussi ros\u00e9 rime avec toute l&rsquo;ann\u00e9e ! Profitez de fraicheur, de finesse et de d\u00e9licatesse toute l&rsquo;ann\u00e9e. Que diriez  [&#8230;]<\/p>\n","protected":false},"featured_media":5972,"template":"","meta":[],"product_brand":[],"product_cat":[15],"product_tag":[],"class_list":{"0":"post-5707","1":"product","2":"type-product","3":"status-publish","4":"has-post-thumbnail","6":"product_cat-uncategorized","8":"first","9":"instock","10":"sale","11":"taxable","12":"shipping-taxable","13":"purchasable","14":"product-type-simple"},"_links":{"self":[{"href":"https:\/\/chateaudesbormettes.com\/en\/wp-json\/wp\/v2\/product\/5707","targetHints":{"allow":["GET"]}}],"collection":[{"href":"https:\/\/chateaudesbormettes.com\/en\/wp-json\/wp\/v2\/product"}],"about":[{"href":"https:\/\/chateaudesbormettes.com\/en\/wp-json\/wp\/v2\/types\/product"}],"wp:featuredmedia":[{"embeddable":true,"href":"https:\/\/chateaudesbormettes.com\/en\/wp-json\/wp\/v2\/media\/5972"}],"wp:attachment":[{"href":"https:\/\/chateaudesbormettes.com\/en\/wp-json\/wp\/v2\/media?parent=5707"}],"wp:term":[{"taxonomy":"product_brand","embeddable":true,"href":"https:\/\/chateaudesbormettes.com\/en\/wp-json\/wp\/v2\/product_brand?post=5707"},{"taxonomy":"product_cat","embeddable":true,"href":"https:\/\/chateaudesbormettes.com\/en\/wp-json\/wp\/v2\/product_cat?post=5707"},{"taxonomy":"product_tag","embeddable":true,"href":"https:\/\/chateaudesbormettes.com\/en\/wp-json\/wp\/v2\/product_tag?post=5707"}],"curies":[{"name":"wp","href":"https:\/\/api.w.org\/{rel}","templated":true}]}}