{"id":5712,"date":"2025-02-07T13:11:42","date_gmt":"2025-02-07T13:11:42","guid":{"rendered":"https:\/\/chateaudesbormettes.com\/?post_type=product&#038;p=5712"},"modified":"2026-03-05T10:43:12","modified_gmt":"2026-03-05T10:43:12","slug":"packprestige","status":"publish","type":"product","link":"https:\/\/chateaudesbormettes.com\/en\/product\/packprestige\/","title":{"rendered":"L&rsquo;Argenti\u00e8re &#8211; 5 achet\u00e9es, 1 offerte"},"content":{"rendered":"<h1>Un ros\u00e9 de Provence frais et gourmand<\/h1>\n<p data-start=\"338\" data-end=\"550\">D\u00e9couvrez la cuv\u00e9e <strong data-start=\"357\" data-end=\"378\">L\u2019Argenti\u00e8re Ros\u00e9<\/strong>, un <strong data-start=\"383\" data-end=\"407\">vin ros\u00e9 de Provence<\/strong> \u00e9l\u00e9gant \u00e9labor\u00e9 par le <strong data-start=\"431\" data-end=\"456\">Ch\u00e2teau des Bormettes<\/strong>, domaine viticole familial situ\u00e9 \u00e0 <strong data-start=\"492\" data-end=\"515\">La Londe-les-Maures<\/strong>, au c\u0153ur du terroir m\u00e9diterran\u00e9en.<\/p>\n<p data-start=\"552\" data-end=\"804\">Frais, fruit\u00e9 et parfaitement \u00e9quilibr\u00e9, ce ros\u00e9 s\u00e9duit par ses <strong data-start=\"616\" data-end=\"665\">ar\u00f4mes d\u00e9licats de fruits rouges et d\u2019agrumes<\/strong>, sa belle vivacit\u00e9 et sa finale tout en finesse. Il incarne l\u2019esprit des <strong data-start=\"739\" data-end=\"759\">vins de Provence<\/strong>, entre convivialit\u00e9, soleil et authenticit\u00e9.<\/p>\n<h2 data-start=\"552\" data-end=\"804\">Offre promotionnelle \u2013 5 bouteilles achet\u00e9es, 1 offerte<\/h2>\n<p data-start=\"871\" data-end=\"1009\">Profitez de notre <strong data-start=\"889\" data-end=\"939\">offre exclusive sur la cuv\u00e9e L\u2019Argenti\u00e8re Ros\u00e9<\/strong> :<br data-start=\"941\" data-end=\"944\" \/>pour <strong data-start=\"949\" data-end=\"1008\">5 bouteilles achet\u00e9es, la 6\u1d49 bouteille vous est offerte<\/strong>.<\/p>\n<p data-start=\"1011\" data-end=\"1183\">Une occasion id\u00e9ale pour d\u00e9couvrir ou red\u00e9couvrir ce <strong data-start=\"1064\" data-end=\"1109\">ros\u00e9 de Provence du Ch\u00e2teau des Bormettes<\/strong>, parfait pour accompagner vos moments de partage tout au long de l\u2019ann\u00e9e<\/p>\n<h2>Un ros\u00e9 de Provence id\u00e9al pour vos moments conviviaux<\/h2>\n<p data-start=\"1248\" data-end=\"1304\">La cuv\u00e9e <strong data-start=\"1257\" data-end=\"1278\">L\u2019Argenti\u00e8re Ros\u00e9<\/strong> accompagne parfaitement :<\/p>\n<ul data-start=\"1306\" data-end=\"1445\">\n<li data-start=\"1306\" data-end=\"1330\">\n<p data-start=\"1308\" data-end=\"1330\">Ap\u00e9ritifs entre amis<\/p>\n<\/li>\n<li data-start=\"1331\" data-end=\"1379\">\n<p data-start=\"1333\" data-end=\"1379\">Salades estivales et cuisine m\u00e9diterran\u00e9enne<\/p>\n<\/li>\n<li data-start=\"1380\" data-end=\"1417\">\n<p data-start=\"1382\" data-end=\"1417\">Poissons grill\u00e9s et fruits de mer<\/p>\n<\/li>\n<\/ul>\n<p data-start=\"1447\" data-end=\"1614\">Facile \u00e0 d\u00e9guster, ce <strong data-start=\"1469\" data-end=\"1501\">vin ros\u00e9 frais et aromatique<\/strong> refl\u00e8te toute la richesse du <strong data-start=\"1531\" data-end=\"1565\">terroir de La Londe-les-Maures<\/strong>, r\u00e9put\u00e9 pour la qualit\u00e9 de ses vins de Provence.<\/p>\n<h2 data-start=\"1621\" data-end=\"1665\">Fiche technique \u2013 Cuv\u00e9e L\u2019Argenti\u00e8re Ros\u00e9<\/h2>\n<p data-start=\"1667\" data-end=\"1957\"><strong data-start=\"1667\" data-end=\"1678\">Cuv\u00e9e :<\/strong> L\u2019Argenti\u00e8re Ros\u00e9<br data-start=\"1696\" data-end=\"1699\" \/><strong data-start=\"1699\" data-end=\"1716\">Appellation :<\/strong> Vin de Provence<br data-start=\"1732\" data-end=\"1735\" \/><strong data-start=\"1735\" data-end=\"1748\">Domaine :<\/strong> Ch\u00e2teau des Bormettes \u2013 La Londe-les-Maures<br data-start=\"1792\" data-end=\"1795\" \/><strong data-start=\"1795\" data-end=\"1818\">Profil aromatique :<\/strong> frais, fruit\u00e9 et \u00e9quilibr\u00e9<br data-start=\"1845\" data-end=\"1848\" \/><strong data-start=\"1848\" data-end=\"1876\">Temp\u00e9rature de service :<\/strong> 8 \u2013 10 \u00b0C<\/p>","protected":false},"excerpt":{"rendered":"<p>Un ros\u00e9 de Provence frais et gourmand D\u00e9couvrez la cuv\u00e9e L\u2019Argenti\u00e8re Ros\u00e9, un vin ros\u00e9 de Provence \u00e9l\u00e9gant \u00e9labor\u00e9 par le Ch\u00e2teau des  [&#8230;]<\/p>","protected":false},"featured_media":6105,"template":"","meta":[],"product_brand":[],"product_cat":[102],"product_tag":[],"class_list":{"0":"post-5712","1":"product","2":"type-product","3":"status-publish","4":"has-post-thumbnail","6":"product_cat-bons-plans","8":"first","9":"instock","10":"sale","11":"taxable","12":"shipping-taxable","13":"purchasable","14":"product-type-simple"},"_links":{"self":[{"href":"https:\/\/chateaudesbormettes.com\/en\/wp-json\/wp\/v2\/product\/5712","targetHints":{"allow":["GET"]}}],"collection":[{"href":"https:\/\/chateaudesbormettes.com\/en\/wp-json\/wp\/v2\/product"}],"about":[{"href":"https:\/\/chateaudesbormettes.com\/en\/wp-json\/wp\/v2\/types\/product"}],"wp:featuredmedia":[{"embeddable":true,"href":"https:\/\/chateaudesbormettes.com\/en\/wp-json\/wp\/v2\/media\/6105"}],"wp:attachment":[{"href":"https:\/\/chateaudesbormettes.com\/en\/wp-json\/wp\/v2\/media?parent=5712"}],"wp:term":[{"taxonomy":"product_brand","embeddable":true,"href":"https:\/\/chateaudesbormettes.com\/en\/wp-json\/wp\/v2\/product_brand?post=5712"},{"taxonomy":"product_cat","embeddable":true,"href":"https:\/\/chateaudesbormettes.com\/en\/wp-json\/wp\/v2\/product_cat?post=5712"},{"taxonomy":"product_tag","embeddable":true,"href":"https:\/\/chateaudesbormettes.com\/en\/wp-json\/wp\/v2\/product_tag?post=5712"}],"curies":[{"name":"wp","href":"https:\/\/api.w.org\/{rel}","templated":true}]}}