{"id":759,"date":"2015-12-01T17:31:28","date_gmt":"2015-12-01T17:31:28","guid":{"rendered":"https:\/\/chateaudesbormettes.com\/product\/product-13\/"},"modified":"2026-02-26T16:28:37","modified_gmt":"2026-02-26T16:28:37","slug":"helene","status":"publish","type":"product","link":"https:\/\/chateaudesbormettes.com\/en\/product\/helene\/","title":{"rendered":"H\u00e9l\u00e8ne &#8211; Vin Blanc de Provence &#8211; Ch\u00e2teau des Bormettes"},"content":{"rendered":"<h1>Vin blanc de Provence \u2013 H\u00e9l\u00e8ne 2024 | Ch\u00e2teau des Bormettes<\/h1>\n<p>Le <strong data-start=\"388\" data-end=\"403\">H\u00e9l\u00e8ne 2024<\/strong> est un <strong data-start=\"411\" data-end=\"436\">vin blanc de Provence<\/strong> floral et gourmand, \u00e9labor\u00e9 par le <strong data-start=\"472\" data-end=\"497\">Ch\u00e2teau des Bormettes<\/strong> \u00e0 La Londe-les-Maures. Rond et fin, avec des notes salines d\u00e9licates, il se d\u00e9guste frais et accompagne parfaitement ap\u00e9ritifs, repas en famille ou d\u00eeners en amoureux. Id\u00e9al pour les amateurs de vins blancs \u00e9l\u00e9gants et m\u00e9diterran\u00e9ens.<\/p>\n<h2>Un vin blanc floral et gourmand de Provence<\/h2>\n<p data-start=\"793\" data-end=\"897\">Issu d\u2019un assemblage typique de Rolle (91 %) et Clairette (9 %), le <strong data-start=\"861\" data-end=\"876\">H\u00e9l\u00e8ne 2024<\/strong> se distingue par :<\/p>\n<ul data-start=\"899\" data-end=\"1126\">\n<li data-start=\"899\" data-end=\"969\">\n<p data-start=\"901\" data-end=\"969\">Une fra\u00eecheur aromatique qui r\u00e9v\u00e8le des notes florales et fruit\u00e9es<\/p>\n<\/li>\n<li data-start=\"970\" data-end=\"1043\">\n<p data-start=\"972\" data-end=\"1043\">Une rondeur et une finesse qui s\u00e9duisent les palais les plus d\u00e9licats<\/p>\n<\/li>\n<li data-start=\"1044\" data-end=\"1126\">\n<p data-start=\"1046\" data-end=\"1126\">Une texture gourmande qui en fait un vin facile \u00e0 boire et agr\u00e9able \u00e0 partager<\/p>\n<\/li>\n<\/ul>\n<p data-start=\"1128\" data-end=\"1270\">Ce vin blanc se d\u00e9guste jeune, mais peut se conserver jusqu\u2019\u00e0 5 ans pour les curieux et amateurs souhaitant explorer son \u00e9volution aromatique.<\/p>\n<h2 data-start=\"1128\" data-end=\"1270\">Fiche technique du H\u00e9l\u00e8ne 2024<\/h2>\n<h3>Characteristics<\/h3>\n<ul>\n<li data-start=\"1346\" data-end=\"1370\">\n<p data-start=\"1348\" data-end=\"1370\"><strong data-start=\"1348\" data-end=\"1363\">Mill\u00e9sime :<\/strong> 2024<\/p>\n<\/li>\n<li data-start=\"1371\" data-end=\"1404\">\n<p data-start=\"1373\" data-end=\"1404\"><strong data-start=\"1373\" data-end=\"1395\">Degr\u00e9 alcoolique :<\/strong> 12,5 %<\/p>\n<\/li>\n<li data-start=\"1405\" data-end=\"1448\">\n<p data-start=\"1407\" data-end=\"1448\"><strong data-start=\"1407\" data-end=\"1420\">C\u00e9pages :<\/strong> Rolle 91 %, Clairette 9 %<\/p>\n<\/li>\n<li data-start=\"1449\" data-end=\"1507\">\n<p data-start=\"1451\" data-end=\"1507\"><strong data-start=\"1451\" data-end=\"1474\">Profil aromatique :<\/strong> Floral \u2013 Rond \u2013 Fin \u2013 Gourmand<\/p>\n<\/li>\n<li data-start=\"1508\" data-end=\"1567\">\n<p data-start=\"1510\" data-end=\"1567\"><strong data-start=\"1510\" data-end=\"1534\">Potentiel de garde :<\/strong> 3 ans \/ 5 ans pour les curieux<\/p>\n<\/li>\n<li data-start=\"1568\" data-end=\"1610\">\n<p data-start=\"1570\" data-end=\"1610\"><strong data-start=\"1570\" data-end=\"1598\">Temp\u00e9rature de service :<\/strong> 8 \u00e0 12 \u00b0C<\/p>\n<\/li>\n<li data-start=\"1611\" data-end=\"1699\">\n<p data-start=\"1613\" data-end=\"1699\"><strong data-start=\"1613\" data-end=\"1636\">Occasions id\u00e9ales :<\/strong> ap\u00e9ritif, d\u00e9jeuner entre amis, d\u00eener en famille, en amoureux<\/p>\n<\/li>\n<\/ul>\n<h3>Suggestions de d\u00e9gustation et accords mets<\/h3>\n<p data-start=\"1755\" data-end=\"1818\">Servi frais, le <strong data-start=\"1771\" data-end=\"1786\">H\u00e9l\u00e8ne 2024<\/strong> s\u2019accorde parfaitement avec :<\/p>\n<ul data-start=\"1820\" data-end=\"1969\">\n<li data-start=\"1820\" data-end=\"1882\">\n<p data-start=\"1822\" data-end=\"1882\">Un filet de bar r\u00f4ti \u00e0 l\u2019huile d\u2019olive et au citron confit<\/p>\n<\/li>\n<li data-start=\"1883\" data-end=\"1917\">\n<p data-start=\"1885\" data-end=\"1917\">Un tartare de thon \u00e0 la mangue<\/p>\n<\/li>\n<li data-start=\"1918\" data-end=\"1969\">\n<p data-start=\"1920\" data-end=\"1969\">Une tarte fine au ch\u00e8vre et aux l\u00e9gumes grill\u00e9s<\/p>\n<\/li>\n<\/ul>\n<p data-start=\"1971\" data-end=\"2099\">Il accompagne \u00e9galement poissons grill\u00e9s, fruits de mer et plats m\u00e9diterran\u00e9ens, pour un moment de partage convivial et raffin\u00e9.<\/p>\n<h2 data-start=\"1971\" data-end=\"2099\">T\u00e9l\u00e9charger la fiche produit du H\u00e9l\u00e8ne Blanc 2024<\/h2>\n<p><a href=\"https:\/\/acrobat.adobe.com\/id\/urn:aaid:sc:EU:d494601f-40a3-47e3-908d-a89b3109c055\" target=\"_blank\" rel=\"noopener\">T\u00e9l\u00e9charger la fiche produit H\u00e9l\u00e8ne blanc 2024<\/a><\/p>","protected":false},"excerpt":{"rendered":"<p>Beautifully aromatic and of great finesse, this white enchants with its freshness, roundness and saline notes.<\/p>","protected":false},"featured_media":5367,"template":"","meta":[],"product_brand":[],"product_cat":[73,76],"product_tag":[94],"class_list":{"0":"post-759","1":"product","2":"type-product","3":"status-publish","4":"has-post-thumbnail","6":"product_cat-blanc","7":"product_cat-gamme-signature","8":"product_tag-blanc","10":"first","11":"outofstock","12":"featured","13":"taxable","14":"shipping-taxable","15":"purchasable","16":"product-type-simple"},"_links":{"self":[{"href":"https:\/\/chateaudesbormettes.com\/en\/wp-json\/wp\/v2\/product\/759","targetHints":{"allow":["GET"]}}],"collection":[{"href":"https:\/\/chateaudesbormettes.com\/en\/wp-json\/wp\/v2\/product"}],"about":[{"href":"https:\/\/chateaudesbormettes.com\/en\/wp-json\/wp\/v2\/types\/product"}],"wp:featuredmedia":[{"embeddable":true,"href":"https:\/\/chateaudesbormettes.com\/en\/wp-json\/wp\/v2\/media\/5367"}],"wp:attachment":[{"href":"https:\/\/chateaudesbormettes.com\/en\/wp-json\/wp\/v2\/media?parent=759"}],"wp:term":[{"taxonomy":"product_brand","embeddable":true,"href":"https:\/\/chateaudesbormettes.com\/en\/wp-json\/wp\/v2\/product_brand?post=759"},{"taxonomy":"product_cat","embeddable":true,"href":"https:\/\/chateaudesbormettes.com\/en\/wp-json\/wp\/v2\/product_cat?post=759"},{"taxonomy":"product_tag","embeddable":true,"href":"https:\/\/chateaudesbormettes.com\/en\/wp-json\/wp\/v2\/product_tag?post=759"}],"curies":[{"name":"wp","href":"https:\/\/api.w.org\/{rel}","templated":true}]}}