{"id":760,"date":"2015-12-01T17:31:29","date_gmt":"2015-12-01T17:31:29","guid":{"rendered":"https:\/\/chateaudesbormettes.com\/product\/product-14\/"},"modified":"2026-01-05T14:04:51","modified_gmt":"2026-01-05T14:04:51","slug":"cote-mer-rouge","status":"publish","type":"product","link":"https:\/\/chateaudesbormettes.com\/en\/product\/cote-mer-rouge\/","title":{"rendered":"Bormettes Rouge &#8211; Vin rouge de Provence &#8211; Ch\u00e2teau des Bormettes"},"content":{"rendered":"<h2>Vin rouge de Provence \u2013 Bormettes Rouge 2024 | Ch\u00e2teau des Bormettes<\/h2>\n<p>Le <strong data-start=\"286\" data-end=\"310\">Bormettes Rouge 2024<\/strong> est un <strong data-start=\"318\" data-end=\"362\">vin rouge de Provence l\u00e9ger et gouleyant<\/strong>, \u00e9labor\u00e9 par le <strong data-start=\"379\" data-end=\"404\">Ch\u00e2teau des Bormettes<\/strong> - <strong data-start=\"407\" data-end=\"430\">La Londe-les-Maures<\/strong>. Frais et fruit\u00e9, il s\u00e9duit par son profil aromatique velout\u00e9 et sa sapidit\u00e9 agr\u00e9able. Id\u00e9al pour les moments conviviaux, il accompagne aussi bien un <strong data-start=\"581\" data-end=\"621\">ap\u00e9ritif qu\u2019un BBQ ou un pique-nique<\/strong>.<\/p>\n<h2>Un vin rouge frais et fruit\u00e9 de Provence<\/h2>\n<p data-start=\"679\" data-end=\"827\">Issu d\u2019un assemblage m\u00e9diterran\u00e9en typique de <strong data-start=\"725\" data-end=\"777\">Syrah (68 %), Carignan (23 %) et Mourv\u00e8dre (9 %)<\/strong>, le <strong data-start=\"782\" data-end=\"806\">Bormettes Rouge 2024<\/strong> se distingue par :<\/p>\n<ul data-start=\"829\" data-end=\"1039\">\n<li data-start=\"829\" data-end=\"888\">\n<p data-start=\"831\" data-end=\"888\">Une <strong data-start=\"835\" data-end=\"859\">fra\u00eecheur aromatique<\/strong> qui le rend facile \u00e0 boire<\/p>\n<\/li>\n<li data-start=\"889\" data-end=\"975\">\n<p data-start=\"891\" data-end=\"975\">Un <strong data-start=\"894\" data-end=\"922\">profil fruit\u00e9 et velout\u00e9<\/strong> pour plaire \u00e0 tous les amateurs de vin rouge l\u00e9ger<\/p>\n<\/li>\n<li data-start=\"976\" data-end=\"1039\">\n<p data-start=\"978\" data-end=\"1039\">Une <strong data-start=\"982\" data-end=\"1004\">texture gouleyante<\/strong> id\u00e9ale pour les repas conviviaux<\/p>\n<\/li>\n<\/ul>\n<p data-start=\"1041\" data-end=\"1145\">Ce vin de Provence se d\u00e9guste jeune, mais peut se conserver jusqu\u2019\u00e0 <strong data-start=\"1109\" data-end=\"1118\">3 ans<\/strong> pour les amateurs curieux.<\/p>\n<h2 data-start=\"1041\" data-end=\"1145\">Fiche technique du Bormettes Rouge 2024<\/h2>\n<h3>Characteristics<\/h3>\n<ul>\n<li data-start=\"1228\" data-end=\"1252\">\n<p data-start=\"1230\" data-end=\"1252\"><strong data-start=\"1230\" data-end=\"1243\">Mill\u00e9sime<\/strong> : 2024<\/p>\n<\/li>\n<li data-start=\"1253\" data-end=\"1284\">\n<p data-start=\"1255\" data-end=\"1284\"><strong data-start=\"1255\" data-end=\"1275\">Degr\u00e9 alcoolique<\/strong> : 12 %<\/p>\n<\/li>\n<li data-start=\"1285\" data-end=\"1343\">\n<p data-start=\"1287\" data-end=\"1343\"><strong data-start=\"1287\" data-end=\"1298\">C\u00e9pages<\/strong> : Syrah 68 %, Carignan 23 %, Mourv\u00e8dre 9 %<\/p>\n<\/li>\n<li data-start=\"1344\" data-end=\"1405\">\n<p data-start=\"1346\" data-end=\"1405\"><strong data-start=\"1346\" data-end=\"1367\">Profil aromatique<\/strong> : fruit\u00e9, frais, velout\u00e9, gouleyant<\/p>\n<\/li>\n<li data-start=\"1406\" data-end=\"1465\">\n<p data-start=\"1408\" data-end=\"1465\"><strong data-start=\"1408\" data-end=\"1430\">Potentiel de garde<\/strong> : 2 ans \/ 3 ans pour les curieux<\/p>\n<\/li>\n<li data-start=\"1466\" data-end=\"1509\">\n<p data-start=\"1468\" data-end=\"1509\"><strong data-start=\"1468\" data-end=\"1494\">Temp\u00e9rature de service<\/strong> : 10 \u00e0 12 \u00b0C<\/p>\n<\/li>\n<li data-start=\"1510\" data-end=\"1582\">\n<p data-start=\"1512\" data-end=\"1582\"><strong data-start=\"1512\" data-end=\"1533\">Occasions id\u00e9ales<\/strong> : ap\u00e9ritif, BBQ, pique-nique, d\u00eener entre amis<\/p>\n<\/li>\n<\/ul>\n<h3>Suggestions de d\u00e9gustation et accords mets<\/h3>\n<p data-start=\"1642\" data-end=\"1714\">Servi frais, le <strong data-start=\"1658\" data-end=\"1682\">Bormettes Rouge 2024<\/strong> s\u2019accorde parfaitement avec :<\/p>\n<ul data-start=\"1716\" data-end=\"1843\">\n<li data-start=\"1716\" data-end=\"1751\">\n<p data-start=\"1718\" data-end=\"1751\"><strong data-start=\"1718\" data-end=\"1749\">Une planche de charcuteries<\/strong><\/p>\n<\/li>\n<li data-start=\"1752\" data-end=\"1796\">\n<p data-start=\"1754\" data-end=\"1796\"><strong data-start=\"1754\" data-end=\"1794\">Un supr\u00eame de poulet aux champignons<\/strong><\/p>\n<\/li>\n<li data-start=\"1797\" data-end=\"1843\">\n<p data-start=\"1799\" data-end=\"1843\"><strong data-start=\"1799\" data-end=\"1841\">Des l\u00e9gumes d\u2019\u00e9t\u00e9 grill\u00e9s \u00e0 la plancha<\/strong><\/p>\n<\/li>\n<\/ul>\n<p data-start=\"1845\" data-end=\"1972\">Il accompagne \u00e9galement <strong data-start=\"1869\" data-end=\"1920\">fromages affin\u00e9s, viandes blanches ou grillades<\/strong>, pour un moment de convivialit\u00e9 autour de la table.<\/p>\n<h2 data-start=\"1845\" data-end=\"1972\">T\u00e9l\u00e9charger la fiche produit du Bormettes Rouge<\/h2>\n<p><a href=\"https:\/\/acrobat.adobe.com\/id\/urn:aaid:sc:EU:4653951f-f3d8-45d0-a696-4911e9bd0bf7\" target=\"_blank\" rel=\"noopener\">T\u00e9l\u00e9charger la fiche produit Bormettes Rouge<\/a><\/p>","protected":false},"excerpt":{"rendered":"<p>A light and delicious red, with great freshness and flavor.<\/p>","protected":false},"featured_media":5883,"template":"","meta":[],"product_brand":[],"product_cat":[77,71],"product_tag":[],"class_list":{"0":"post-760","1":"product","2":"type-product","3":"status-publish","4":"has-post-thumbnail","6":"product_cat-gamme-essentielle","7":"product_cat-rouge","9":"first","10":"instock","11":"featured","12":"taxable","13":"shipping-taxable","14":"purchasable","15":"product-type-simple"},"_links":{"self":[{"href":"https:\/\/chateaudesbormettes.com\/en\/wp-json\/wp\/v2\/product\/760","targetHints":{"allow":["GET"]}}],"collection":[{"href":"https:\/\/chateaudesbormettes.com\/en\/wp-json\/wp\/v2\/product"}],"about":[{"href":"https:\/\/chateaudesbormettes.com\/en\/wp-json\/wp\/v2\/types\/product"}],"wp:featuredmedia":[{"embeddable":true,"href":"https:\/\/chateaudesbormettes.com\/en\/wp-json\/wp\/v2\/media\/5883"}],"wp:attachment":[{"href":"https:\/\/chateaudesbormettes.com\/en\/wp-json\/wp\/v2\/media?parent=760"}],"wp:term":[{"taxonomy":"product_brand","embeddable":true,"href":"https:\/\/chateaudesbormettes.com\/en\/wp-json\/wp\/v2\/product_brand?post=760"},{"taxonomy":"product_cat","embeddable":true,"href":"https:\/\/chateaudesbormettes.com\/en\/wp-json\/wp\/v2\/product_cat?post=760"},{"taxonomy":"product_tag","embeddable":true,"href":"https:\/\/chateaudesbormettes.com\/en\/wp-json\/wp\/v2\/product_tag?post=760"}],"curies":[{"name":"wp","href":"https:\/\/api.w.org\/{rel}","templated":true}]}}