{"id":761,"date":"2015-12-01T17:31:30","date_gmt":"2015-12-01T17:31:30","guid":{"rendered":"https:\/\/chateaudesbormettes.com\/product\/product-15\/"},"modified":"2026-01-05T13:44:17","modified_gmt":"2026-01-05T13:44:17","slug":"cote-mer-blanc","status":"publish","type":"product","link":"https:\/\/chateaudesbormettes.com\/en\/product\/cote-mer-blanc\/","title":{"rendered":"Bormettes blanc &#8211; Vin Blanc de Provence &#8211; Ch\u00e2teau des Bormettes"},"content":{"rendered":"<p data-start=\"272\" data-end=\"588\"><strong data-start=\"272\" data-end=\"299\">Le Bormettes blanc 2023<\/strong> est un <strong data-start=\"307\" data-end=\"350\">vin blanc de Provence frais et gourmand<\/strong>, produit par le <strong data-start=\"367\" data-end=\"392\">Ch\u00e2teau des Bormettes<\/strong> - <strong data-start=\"395\" data-end=\"418\">La Londe-les-Maures<\/strong>. L\u00e9ger, fruit\u00e9 et min\u00e9ral, il se distingue par sa <strong data-start=\"469\" data-end=\"507\">pointe saline et sa finale enlev\u00e9e<\/strong>, parfaite pour ceux qui recherchent un vin blanc aromatique et facile \u00e0 boire.<\/p>\n<p data-start=\"590\" data-end=\"754\">Id\u00e9al pour les <strong data-start=\"605\" data-end=\"661\">ap\u00e9ritifs, BBQ, pique-niques ou d\u00e9jeuners entre amis<\/strong>, ce vin blanc m\u00e9diterran\u00e9en refl\u00e8te le caract\u00e8re unique du terroir proven\u00e7al en bord de mer.<\/p>\n<h2 data-start=\"590\" data-end=\"754\">Un vin blanc frais et gourmand de Provence<\/h2>\n<p data-start=\"813\" data-end=\"961\">\u00c9labor\u00e9 \u00e0 100 % \u00e0 partir du <strong data-start=\"841\" data-end=\"857\">c\u00e9page Rolle<\/strong>, le <strong data-start=\"862\" data-end=\"886\">Bormettes blanc 2023<\/strong> s\u00e9duit par son <strong data-start=\"902\" data-end=\"958\">profil aromatique l\u00e9ger, fruit\u00e9, min\u00e9ral et gourmand<\/strong>.<\/p>\n<p data-start=\"963\" data-end=\"1172\">Ce vin de Provence se d\u00e9guste jeune pour profiter de sa <strong data-start=\"1019\" data-end=\"1052\">fra\u00eecheur et de son \u00e9quilibre<\/strong>, mais peut se conserver jusqu\u2019\u00e0 <strong data-start=\"1085\" data-end=\"1094\">3 ans<\/strong> pour les amateurs curieux qui souhaitent d\u00e9couvrir l\u2019\u00e9volution de ses ar\u00f4mes.<\/p>\n<h2 data-start=\"963\" data-end=\"1172\">Fiche technique du Bormettes blanc 2023<\/h2>\n<h3>Characteristics<\/h3>\n<ul>\n<li data-start=\"1255\" data-end=\"1279\">\n<p data-start=\"1257\" data-end=\"1279\"><strong data-start=\"1257\" data-end=\"1270\">Mill\u00e9sime<\/strong> : 2023<\/p>\n<\/li>\n<li data-start=\"1280\" data-end=\"1311\">\n<p data-start=\"1282\" data-end=\"1311\"><strong data-start=\"1282\" data-end=\"1302\">Degr\u00e9 alcoolique<\/strong> : 12 %<\/p>\n<\/li>\n<li data-start=\"1312\" data-end=\"1340\">\n<p data-start=\"1314\" data-end=\"1340\"><strong data-start=\"1314\" data-end=\"1324\">C\u00e9page<\/strong> : Rolle 100 %<\/p>\n<\/li>\n<li data-start=\"1341\" data-end=\"1403\">\n<p data-start=\"1343\" data-end=\"1403\"><strong data-start=\"1343\" data-end=\"1364\">Profil aromatique<\/strong> : l\u00e9ger, fruit\u00e9, min\u00e9ral et gourmand<\/p>\n<\/li>\n<li data-start=\"1404\" data-end=\"1463\">\n<p data-start=\"1406\" data-end=\"1463\"><strong data-start=\"1406\" data-end=\"1428\">Potentiel de garde<\/strong> : 2 ans \/ 3 ans pour les curieux<\/p>\n<\/li>\n<li data-start=\"1464\" data-end=\"1506\">\n<p data-start=\"1466\" data-end=\"1506\"><strong data-start=\"1466\" data-end=\"1492\">Temp\u00e9rature de service<\/strong> : 8 \u00e0 10 \u00b0C<\/p>\n<\/li>\n<li data-start=\"1507\" data-end=\"1582\">\n<p data-start=\"1509\" data-end=\"1582\"><strong data-start=\"1509\" data-end=\"1530\">Occasions id\u00e9ales<\/strong> : ap\u00e9ritif, BBQ, pique-nique, d\u00e9jeuner entre amis<\/p>\n<\/li>\n<\/ul>\n<h3>Suggestions de d\u00e9gustation et accords mets<\/h3>\n<p data-start=\"1642\" data-end=\"1710\">Servi frais, ce <strong data-start=\"1658\" data-end=\"1683\">vin blanc de Provence<\/strong> accompagne \u00e0 merveille :<\/p>\n<ul data-start=\"1712\" data-end=\"1837\">\n<li data-start=\"1712\" data-end=\"1766\">\n<p data-start=\"1714\" data-end=\"1766\"><strong data-start=\"1714\" data-end=\"1764\">Papillotes de cabillaud aux herbes de Provence<\/strong><\/p>\n<\/li>\n<li data-start=\"1767\" data-end=\"1797\">\n<p data-start=\"1769\" data-end=\"1797\"><strong data-start=\"1769\" data-end=\"1795\">Salade de ch\u00e8vre chaud<\/strong><\/p>\n<\/li>\n<li data-start=\"1798\" data-end=\"1837\">\n<p data-start=\"1800\" data-end=\"1837\"><strong data-start=\"1800\" data-end=\"1835\">Linguines aux coques et \u00e0 l\u2019ail<\/strong><\/p>\n<\/li>\n<\/ul>\n<p data-start=\"1839\" data-end=\"2011\">Il se marie \u00e9galement avec poissons grill\u00e9s, l\u00e9gumes m\u00e9diterran\u00e9ens ou plats l\u00e9gers \u00e0 base de fruits de mer, pour sublimer chaque bouch\u00e9e par sa fra\u00eecheur et sa min\u00e9ralit\u00e9.<\/p>\n<h2 data-start=\"1839\" data-end=\"2011\">T\u00e9l\u00e9charger la fiche produit du Bormettes Blanc<\/h2>\n<p><a title=\"Ch\u00e2teau des Bormettes_FT_Bormettesblanc 2023_FR\" href=\"https:\/\/acrobat.adobe.com\/id\/urn:aaid:sc:EU:b7e1bff7-3dc9-4e62-a401-de065fca4cd1\" target=\"_blank\" rel=\"noopener\">T\u00e9l\u00e9charger la fiche produit Bormettes Blanc<\/a><\/p>","protected":false},"excerpt":{"rendered":"<p>Fruity and very fresh, it offers a saline touch and a lively finish.<\/p>","protected":false},"featured_media":5884,"template":"","meta":[],"product_brand":[],"product_cat":[73,77],"product_tag":[],"class_list":{"0":"post-761","1":"product","2":"type-product","3":"status-publish","4":"has-post-thumbnail","6":"product_cat-blanc","7":"product_cat-gamme-essentielle","9":"first","10":"instock","11":"featured","12":"taxable","13":"shipping-taxable","14":"purchasable","15":"product-type-simple"},"_links":{"self":[{"href":"https:\/\/chateaudesbormettes.com\/en\/wp-json\/wp\/v2\/product\/761","targetHints":{"allow":["GET"]}}],"collection":[{"href":"https:\/\/chateaudesbormettes.com\/en\/wp-json\/wp\/v2\/product"}],"about":[{"href":"https:\/\/chateaudesbormettes.com\/en\/wp-json\/wp\/v2\/types\/product"}],"wp:featuredmedia":[{"embeddable":true,"href":"https:\/\/chateaudesbormettes.com\/en\/wp-json\/wp\/v2\/media\/5884"}],"wp:attachment":[{"href":"https:\/\/chateaudesbormettes.com\/en\/wp-json\/wp\/v2\/media?parent=761"}],"wp:term":[{"taxonomy":"product_brand","embeddable":true,"href":"https:\/\/chateaudesbormettes.com\/en\/wp-json\/wp\/v2\/product_brand?post=761"},{"taxonomy":"product_cat","embeddable":true,"href":"https:\/\/chateaudesbormettes.com\/en\/wp-json\/wp\/v2\/product_cat?post=761"},{"taxonomy":"product_tag","embeddable":true,"href":"https:\/\/chateaudesbormettes.com\/en\/wp-json\/wp\/v2\/product_tag?post=761"}],"curies":[{"name":"wp","href":"https:\/\/api.w.org\/{rel}","templated":true}]}}