{"id":78,"date":"2015-05-12T11:33:04","date_gmt":"2015-05-12T11:33:04","guid":{"rendered":"https:\/\/chateaudesbormettes.com\/?post_type=product&#038;p=78"},"modified":"2026-01-07T16:09:02","modified_gmt":"2026-01-07T16:09:02","slug":"pater","status":"publish","type":"product","link":"https:\/\/chateaudesbormettes.com\/en\/product\/pater\/","title":{"rendered":"Pater &#8211; Ch\u00e2teau des Bormettes &#8211; Vin rouge de Provence"},"content":{"rendered":"<p><strong data-start=\"228\" data-end=\"242\">Pater 2021<\/strong> est un vin rouge de Provence \u00e9l\u00e9gant et puissant, \u00e9labor\u00e9 par le <strong data-start=\"308\" data-end=\"333\">Ch\u00e2teau des Bormettes<\/strong> \u00e0 La Londe-les-Maures. \u00c9pic\u00e9, gourmand et soyeux, ce mill\u00e9sime refl\u00e8te l\u2019esprit m\u00e9diterran\u00e9en et la richesse du <strong data-start=\"446\" data-end=\"480\">terroir de La Londe-les-Maures<\/strong> : un vin de garde, id\u00e9al pour les repas en famille, les d\u00eeners en amoureux ou les c\u00e9l\u00e9brations festives.<\/p>\n<h2>Un vin rouge de Provence raffin\u00e9 et structur\u00e9<\/h2>\n<p data-start=\"649\" data-end=\"932\">Issu d\u2019un <strong data-start=\"659\" data-end=\"699\">assemblage typiquement m\u00e9diterran\u00e9en<\/strong>, ce vin associe les c\u00e9pages <strong data-start=\"728\" data-end=\"743\">Syrah (80%)<\/strong> et <strong data-start=\"747\" data-end=\"765\">Grenache (20%)<\/strong>. Il s\u00e9duit par ses <strong data-start=\"785\" data-end=\"813\">ar\u00f4mes fruit\u00e9s et \u00e9pic\u00e9s<\/strong>, ses <strong data-start=\"819\" data-end=\"844\">tanins fins et soyeux<\/strong>, et sa <strong data-start=\"852\" data-end=\"872\">texture \u00e9l\u00e9gante<\/strong>, offrant une d\u00e9gustation \u00e0 la fois intense et \u00e9quilibr\u00e9e.<\/p>\n<p data-start=\"934\" data-end=\"1101\">Pens\u00e9 pour accompagner les moments de convivialit\u00e9, ce vin rouge de Provence se d\u00e9guste aussi bien lors de <strong data-start=\"1041\" data-end=\"1061\">repas quotidiens<\/strong> que pour les <strong data-start=\"1075\" data-end=\"1098\">occasions sp\u00e9ciales<\/strong>.<\/p>\n<h2 data-start=\"934\" data-end=\"1101\">Fiche technique du vin Pater 2021<\/h2>\n<h3>Characteristics<\/h3>\n<ul>\n<li data-start=\"1177\" data-end=\"1201\">\n<p data-start=\"1179\" data-end=\"1201\"><strong data-start=\"1179\" data-end=\"1194\">Mill\u00e9sime :<\/strong> 2021<\/p>\n<\/li>\n<li data-start=\"1202\" data-end=\"1235\">\n<p data-start=\"1204\" data-end=\"1235\"><strong data-start=\"1204\" data-end=\"1226\">Degr\u00e9 alcoolique :<\/strong> 13,5 %<\/p>\n<\/li>\n<li data-start=\"1236\" data-end=\"1279\">\n<p data-start=\"1238\" data-end=\"1279\"><strong data-start=\"1238\" data-end=\"1251\">C\u00e9pages :<\/strong> Syrah 80 %, Grenache 20 %<\/p>\n<\/li>\n<li data-start=\"1280\" data-end=\"1341\">\n<p data-start=\"1282\" data-end=\"1341\"><strong data-start=\"1282\" data-end=\"1305\">Profil aromatique :<\/strong> \u00c9pic\u00e9, torr\u00e9fi\u00e9, soyeux, gourmand<\/p>\n<\/li>\n<li data-start=\"1342\" data-end=\"1385\">\n<p data-start=\"1344\" data-end=\"1385\"><strong data-start=\"1344\" data-end=\"1368\">Potentiel de garde :<\/strong> Jusqu\u2019\u00e0 10 ans<\/p>\n<\/li>\n<li data-start=\"1386\" data-end=\"1424\">\n<p data-start=\"1388\" data-end=\"1424\"><strong data-start=\"1388\" data-end=\"1416\">Temp\u00e9rature de service :<\/strong> 17 \u00b0C<\/p>\n<\/li>\n<li data-start=\"1425\" data-end=\"1502\">\n<p data-start=\"1427\" data-end=\"1502\"><strong data-start=\"1427\" data-end=\"1450\">Occasions id\u00e9ales :<\/strong> D\u00eener en famille, repas en amoureux, c\u00e9l\u00e9brations<\/p>\n<\/li>\n<\/ul>\n<h3>Suggestions de d\u00e9gustation<\/h3>\n<p data-start=\"1546\" data-end=\"1687\">Servi \u00e0 bonne temp\u00e9rature, ce vin rouge gastronomique r\u00e9v\u00e8le toute sa richesse et son <strong data-start=\"1632\" data-end=\"1655\">\u00e9l\u00e9gance aromatique<\/strong>. Il accompagne parfaitement :<\/p>\n<ul data-start=\"1689\" data-end=\"1822\">\n<li data-start=\"1689\" data-end=\"1709\">\n<p data-start=\"1691\" data-end=\"1709\">Figatellu grill\u00e9<\/p>\n<\/li>\n<li data-start=\"1710\" data-end=\"1751\">\n<p data-start=\"1712\" data-end=\"1751\">Canard d\u00e9glac\u00e9 au vinaigre balsamique<\/p>\n<\/li>\n<li data-start=\"1752\" data-end=\"1773\">\n<p data-start=\"1754\" data-end=\"1773\">Tournedos Rossini<\/p>\n<\/li>\n<\/ul>\n<p data-start=\"1824\" data-end=\"1965\">Ce vin rouge de Provence est id\u00e9al pour sublimer vos <strong data-start=\"1877\" data-end=\"1901\">repas gastronomiques<\/strong>, vos <strong data-start=\"1907\" data-end=\"1932\">ap\u00e9ritifs d\u2019exception<\/strong> et vos <strong data-start=\"1940\" data-end=\"1962\">moments conviviaux<\/strong>.<\/p>\n<h3 data-start=\"1824\" data-end=\"1965\">T\u00e9l\u00e9charger la fiche produit \u2013 Pater 2021<\/h3>\n<p><a href=\"https:\/\/chateaudesbormettes.com\/wp-content\/uploads\/2024\/07\/Chateau-des-Bormettes_Pater-2021_ENG.pdf\">Download the product sheet.<\/a><\/p>","protected":false},"excerpt":{"rendered":"<p>The great return of a great red to keep, produced only in exceptional vintages. It reveals fruity aromas and captivating spicy notes, enhanced by fine and silky tannins.<\/p>","protected":false},"featured_media":4666,"template":"","meta":[],"product_brand":[],"product_cat":[75,71],"product_tag":[],"class_list":{"0":"post-78","1":"product","2":"type-product","3":"status-publish","4":"has-post-thumbnail","6":"product_cat-gamme-parcellaire","7":"product_cat-rouge","9":"first","10":"instock","11":"featured","12":"taxable","13":"shipping-taxable","14":"purchasable","15":"product-type-simple"},"_links":{"self":[{"href":"https:\/\/chateaudesbormettes.com\/en\/wp-json\/wp\/v2\/product\/78","targetHints":{"allow":["GET"]}}],"collection":[{"href":"https:\/\/chateaudesbormettes.com\/en\/wp-json\/wp\/v2\/product"}],"about":[{"href":"https:\/\/chateaudesbormettes.com\/en\/wp-json\/wp\/v2\/types\/product"}],"wp:featuredmedia":[{"embeddable":true,"href":"https:\/\/chateaudesbormettes.com\/en\/wp-json\/wp\/v2\/media\/4666"}],"wp:attachment":[{"href":"https:\/\/chateaudesbormettes.com\/en\/wp-json\/wp\/v2\/media?parent=78"}],"wp:term":[{"taxonomy":"product_brand","embeddable":true,"href":"https:\/\/chateaudesbormettes.com\/en\/wp-json\/wp\/v2\/product_brand?post=78"},{"taxonomy":"product_cat","embeddable":true,"href":"https:\/\/chateaudesbormettes.com\/en\/wp-json\/wp\/v2\/product_cat?post=78"},{"taxonomy":"product_tag","embeddable":true,"href":"https:\/\/chateaudesbormettes.com\/en\/wp-json\/wp\/v2\/product_tag?post=78"}],"curies":[{"name":"wp","href":"https:\/\/api.w.org\/{rel}","templated":true}]}}